{"id":268559,"date":"2020-01-14T08:20:56","date_gmt":"2020-01-14T08:20:56","guid":{"rendered":"https:\/\/www.tiendabernad.com\/about-us\/"},"modified":"2020-01-14T08:20:58","modified_gmt":"2020-01-14T08:20:58","slug":"about-us","status":"publish","type":"page","link":"https:\/\/www.tiendabernad.com\/en\/about-us\/","title":{"rendered":"About Us"},"content":{"rendered":"<p><div class=\"fusion-fullwidth fullwidth-box fusion-builder-row-1 nonhundred-percent-fullwidth non-hundred-percent-height-scrolling\" style=\"--awb-border-radius-top-left:0px;--awb-border-radius-top-right:0px;--awb-border-radius-bottom-right:0px;--awb-border-radius-bottom-left:0px;--awb-flex-wrap:wrap;\" ><div class=\"fusion-builder-row fusion-row\"><div class=\"fusion-layout-column fusion_builder_column fusion-builder-column-0 fusion_builder_column_1_1 1_1 fusion-one-full fusion-column-first fusion-column-last\" style=\"--awb-bg-size:cover;\"><div class=\"fusion-column-wrapper fusion-column-has-shadow fusion-flex-column-wrapper-legacy\"><div class=\"fusion-image-element fusion-image-align-center in-legacy-container\" style=\"text-align:center;--awb-max-width:1024px;--awb-caption-title-font-family:var(--h2_typography-font-family);--awb-caption-title-font-weight:var(--h2_typography-font-weight);--awb-caption-title-font-style:var(--h2_typography-font-style);--awb-caption-title-size:var(--h2_typography-font-size);--awb-caption-title-transform:var(--h2_typography-text-transform);--awb-caption-title-line-height:var(--h2_typography-line-height);--awb-caption-title-letter-spacing:var(--h2_typography-letter-spacing);\"><div class=\"imageframe-align-center\"><span class=\" fusion-imageframe imageframe-none imageframe-1 hover-type-none\"><img decoding=\"async\" width=\"1024\" height=\"300\" title=\"Exposici\u00f3n Tienda\" src=\"https:\/\/www.tiendabernad.com\/wp-content\/uploads\/2014\/04\/cms_Panor\u00e1mica-exposici\u00f3n-Exposici\u00f3n-Tienda-1024x300.jpg\" alt class=\"img-responsive wp-image-35\" srcset=\"https:\/\/www.tiendabernad.com\/wp-content\/uploads\/2014\/04\/cms_Panor\u00e1mica-exposici\u00f3n-Exposici\u00f3n-Tienda-200x59.jpg 200w, https:\/\/www.tiendabernad.com\/wp-content\/uploads\/2014\/04\/cms_Panor\u00e1mica-exposici\u00f3n-Exposici\u00f3n-Tienda-400x117.jpg 400w, https:\/\/www.tiendabernad.com\/wp-content\/uploads\/2014\/04\/cms_Panor\u00e1mica-exposici\u00f3n-Exposici\u00f3n-Tienda-600x176.jpg 600w, https:\/\/www.tiendabernad.com\/wp-content\/uploads\/2014\/04\/cms_Panor\u00e1mica-exposici\u00f3n-Exposici\u00f3n-Tienda-800x234.jpg 800w, https:\/\/www.tiendabernad.com\/wp-content\/uploads\/2014\/04\/cms_Panor\u00e1mica-exposici\u00f3n-Exposici\u00f3n-Tienda-1200x351.jpg 1200w\" sizes=\"(max-width: 800px) 100vw, 1024px\" \/><\/span><\/div><\/div><div class=\"fusion-clearfix\"><\/div><\/div><\/div><\/div><\/div><div class=\"fusion-fullwidth fullwidth-box fusion-builder-row-2 nonhundred-percent-fullwidth non-hundred-percent-height-scrolling\" style=\"--awb-border-radius-top-left:0px;--awb-border-radius-top-right:0px;--awb-border-radius-bottom-right:0px;--awb-border-radius-bottom-left:0px;--awb-margin-top:30px;--awb-flex-wrap:wrap;\" ><div class=\"fusion-builder-row fusion-row\"><div class=\"fusion-layout-column fusion_builder_column fusion-builder-column-1 fusion_builder_column_1_1 1_1 fusion-one-full fusion-column-first fusion-column-last\" style=\"--awb-bg-size:cover;\"><div class=\"fusion-column-wrapper fusion-column-has-shadow fusion-flex-column-wrapper-legacy\"><div class=\"fusion-text fusion-text-1\"><p>The beginnings of\u00a0<strong>JOSE BERNAD, Ltd.<\/strong>\u00a0go back to 1976 when we started our activity focused on the sale of machinery and accessories for the\u00a0<strong>meat industry<\/strong>\u00a0in general. Our dream of a well done job has come true and today we are happy to say that we count on more than 18,000 customers all over the world.<\/p>\n<p>Our philosophy and values \u200b\u200bare governed in the first place by the\u00a0<strong>quality of our products<\/strong>, the seriousness and the commitment in all our orders and our<strong>\u00a0great customer service.<\/strong><\/p>\n<p>Behind this Online Store you will find\u00a0<strong>very qualified staff:<\/strong><\/p>\n<p>&nbsp;<\/p>\n<p>We have complete mechanics, electronics and sheet metal workshops where we perform the maintenance and repair of all our machinery. Our technical support and\u00a0<strong>After-Sales Service<\/strong>\u00a0is one of the main strengths of our company, given that\u00a0<strong>&#8220;our commitment to the client does not end at the time of purchase.\u201d<\/strong><\/p>\n<p>&nbsp;<\/p>\n<p>Our equipment is constantly subjected to periodic calibrations and checks to ensure correct operation and the materials installed are selected and evaluated meticulously. We ship to Spain and rest of Europe.<\/p>\n<p><strong>We adjust to your needs:<\/strong>\u00a0we send the order to the address you want, we make customized budgets and also we count with free shipping and Expedited shipping among many more facilities.<\/p>\n<p>Put yourself in good hands and trust a company with the necessary human and material resources to offer you a<strong>\u00a0high quality service<\/strong>\u00a0as well as a prompt response as we do not depend on third parties to make our repairs.<\/p>\n<p>We are available Monday to Friday, mornings and afternoons.<\/p>\n<p>You can contact us by phone +34 967 219 649 or email: info@tiendabernad.com<\/p>\n<p>If you own a business on the\u00a0<strong>Food and Meat Industry<\/strong>\u00a0do not hesitate and contact us!<\/p>\n<\/div><div class=\"fusion-clearfix\"><\/div><\/div><\/div><\/div><\/div><\/p>\n","protected":false},"excerpt":{"rendered":"","protected":false},"author":1,"featured_media":0,"parent":0,"menu_order":0,"comment_status":"closed","ping_status":"closed","template":"","meta":{"_joinchat":[],"footnotes":""},"class_list":["post-268559","page","type-page","status-publish","hentry"],"yoast_head":"<!-- This site is optimized with the Yoast SEO plugin v27.3 - https:\/\/yoast.com\/product\/yoast-seo-wordpress\/ -->\n<title>About Us - Tienda Jose Bernad | Equipamiento Industria Alimentaria<\/title>\n<meta name=\"robots\" content=\"index, follow, max-snippet:-1, max-image-preview:large, max-video-preview:-1\" \/>\n<link rel=\"canonical\" href=\"https:\/\/www.tiendabernad.com\/about-us\/\" \/>\n<meta property=\"og:locale\" content=\"en_US\" \/>\n<meta property=\"og:type\" content=\"article\" \/>\n<meta property=\"og:title\" content=\"About Us - Tienda Jose Bernad | Equipamiento Industria Alimentaria\" \/>\n<meta property=\"og:url\" content=\"https:\/\/www.tiendabernad.com\/about-us\/\" \/>\n<meta property=\"og:site_name\" content=\"Tienda Jose Bernad | Equipamiento Industria Alimentaria\" \/>\n<meta property=\"article:modified_time\" content=\"2020-01-14T08:20:58+00:00\" \/>\n<meta name=\"twitter:card\" content=\"summary_large_image\" \/>\n<meta name=\"twitter:label1\" content=\"Est. reading time\" \/>\n\t<meta name=\"twitter:data1\" content=\"5 minutes\" \/>\n<script type=\"application\/ld+json\" class=\"yoast-schema-graph\">{\"@context\":\"https:\\\/\\\/schema.org\",\"@graph\":[{\"@type\":\"WebPage\",\"@id\":\"https:\\\/\\\/www.tiendabernad.com\\\/about-us\\\/\",\"url\":\"https:\\\/\\\/www.tiendabernad.com\\\/about-us\\\/\",\"name\":\"About Us - Tienda Jose Bernad | Equipamiento Industria Alimentaria\",\"isPartOf\":{\"@id\":\"https:\\\/\\\/www.tiendabernad.com\\\/#website\"},\"datePublished\":\"2020-01-14T08:20:56+00:00\",\"dateModified\":\"2020-01-14T08:20:58+00:00\",\"breadcrumb\":{\"@id\":\"https:\\\/\\\/www.tiendabernad.com\\\/about-us\\\/#breadcrumb\"},\"inLanguage\":\"en-US\",\"potentialAction\":[{\"@type\":\"ReadAction\",\"target\":[\"https:\\\/\\\/www.tiendabernad.com\\\/about-us\\\/\"]}]},{\"@type\":\"BreadcrumbList\",\"@id\":\"https:\\\/\\\/www.tiendabernad.com\\\/about-us\\\/#breadcrumb\",\"itemListElement\":[{\"@type\":\"ListItem\",\"position\":1,\"name\":\"Portada\",\"item\":\"https:\\\/\\\/www.tiendabernad.com\\\/home\\\/\"},{\"@type\":\"ListItem\",\"position\":2,\"name\":\"About Us\"}]},{\"@type\":\"WebSite\",\"@id\":\"https:\\\/\\\/www.tiendabernad.com\\\/#website\",\"url\":\"https:\\\/\\\/www.tiendabernad.com\\\/\",\"name\":\"Tienda Jose Bernad | Equipamiento Industria Alimentaria\",\"description\":\"Empresa especializada en el suministro de maquinaria para la industria alimentaria y hosteler\u00eda\",\"potentialAction\":[{\"@type\":\"SearchAction\",\"target\":{\"@type\":\"EntryPoint\",\"urlTemplate\":\"https:\\\/\\\/www.tiendabernad.com\\\/?s={search_term_string}\"},\"query-input\":{\"@type\":\"PropertyValueSpecification\",\"valueRequired\":true,\"valueName\":\"search_term_string\"}}],\"inLanguage\":\"en-US\"}]}<\/script>\n<!-- \/ Yoast SEO plugin. -->","yoast_head_json":{"title":"About Us - Tienda Jose Bernad | Equipamiento Industria Alimentaria","robots":{"index":"index","follow":"follow","max-snippet":"max-snippet:-1","max-image-preview":"max-image-preview:large","max-video-preview":"max-video-preview:-1"},"canonical":"https:\/\/www.tiendabernad.com\/about-us\/","og_locale":"en_US","og_type":"article","og_title":"About Us - Tienda Jose Bernad | Equipamiento Industria Alimentaria","og_url":"https:\/\/www.tiendabernad.com\/about-us\/","og_site_name":"Tienda Jose Bernad | Equipamiento Industria Alimentaria","article_modified_time":"2020-01-14T08:20:58+00:00","twitter_card":"summary_large_image","twitter_misc":{"Est. reading time":"5 minutes"},"schema":{"@context":"https:\/\/schema.org","@graph":[{"@type":"WebPage","@id":"https:\/\/www.tiendabernad.com\/about-us\/","url":"https:\/\/www.tiendabernad.com\/about-us\/","name":"About Us - Tienda Jose Bernad | Equipamiento Industria Alimentaria","isPartOf":{"@id":"https:\/\/www.tiendabernad.com\/#website"},"datePublished":"2020-01-14T08:20:56+00:00","dateModified":"2020-01-14T08:20:58+00:00","breadcrumb":{"@id":"https:\/\/www.tiendabernad.com\/about-us\/#breadcrumb"},"inLanguage":"en-US","potentialAction":[{"@type":"ReadAction","target":["https:\/\/www.tiendabernad.com\/about-us\/"]}]},{"@type":"BreadcrumbList","@id":"https:\/\/www.tiendabernad.com\/about-us\/#breadcrumb","itemListElement":[{"@type":"ListItem","position":1,"name":"Portada","item":"https:\/\/www.tiendabernad.com\/home\/"},{"@type":"ListItem","position":2,"name":"About Us"}]},{"@type":"WebSite","@id":"https:\/\/www.tiendabernad.com\/#website","url":"https:\/\/www.tiendabernad.com\/","name":"Tienda Jose Bernad | Equipamiento Industria Alimentaria","description":"Empresa especializada en el suministro de maquinaria para la industria alimentaria y hosteler\u00eda","potentialAction":[{"@type":"SearchAction","target":{"@type":"EntryPoint","urlTemplate":"https:\/\/www.tiendabernad.com\/?s={search_term_string}"},"query-input":{"@type":"PropertyValueSpecification","valueRequired":true,"valueName":"search_term_string"}}],"inLanguage":"en-US"}]}},"_links":{"self":[{"href":"https:\/\/www.tiendabernad.com\/en\/wp-json\/wp\/v2\/pages\/268559","targetHints":{"allow":["GET"]}}],"collection":[{"href":"https:\/\/www.tiendabernad.com\/en\/wp-json\/wp\/v2\/pages"}],"about":[{"href":"https:\/\/www.tiendabernad.com\/en\/wp-json\/wp\/v2\/types\/page"}],"author":[{"embeddable":true,"href":"https:\/\/www.tiendabernad.com\/en\/wp-json\/wp\/v2\/users\/1"}],"replies":[{"embeddable":true,"href":"https:\/\/www.tiendabernad.com\/en\/wp-json\/wp\/v2\/comments?post=268559"}],"version-history":[{"count":0,"href":"https:\/\/www.tiendabernad.com\/en\/wp-json\/wp\/v2\/pages\/268559\/revisions"}],"wp:attachment":[{"href":"https:\/\/www.tiendabernad.com\/en\/wp-json\/wp\/v2\/media?parent=268559"}],"curies":[{"name":"wp","href":"https:\/\/api.w.org\/{rel}","templated":true}]}}