{"id":231028,"date":"2014-11-05T03:12:13","date_gmt":"2014-11-05T03:12:13","guid":{"rendered":"https:\/\/www.tiendabernad.com\/producto\/sausage-filler-talsa-h-20-pa-iii\/"},"modified":"2022-03-14T10:00:53","modified_gmt":"2022-03-14T10:00:53","slug":"talsa-f25s-sausage-filler","status":"publish","type":"product","link":"https:\/\/www.tiendabernad.com\/en\/producto\/talsa-f25s-sausage-filler\/","title":{"rendered":"TALSA F25S SAUSAGE FILLER"},"content":{"rendered":"<p><strong>Talsa hydraulic piston stuffer<\/strong> with motor start and stop by knee pad.<\/p>\n<p>&#8211; Stainless steel cap, piston and tank bottom.<\/p>\n<p>&#8211; High pressure to work with the most compact or cold doughs.<\/p>\n<p>&#8211; Speed regulator located next to the operator for precise adjustment.<\/p>\n<p>&#8211; Instantaneous stop of the dough output by automatic decompression of the piston.<\/p>\n<p>&#8211; Ergonomic knee pad position, operator&#8217;s hands free.<\/p>\n<p>&#8211; Double sealed piston seal.<\/p>\n<p>&#8211; Independent hydraulic oil tank.<\/p>\n<p>&#8211; Wheels and handle for easy movement.<\/p>\n<p>&#8211; Easy to clean.<\/p>\n<p>&#8211; Three standard transparent funnels \u00f8 14, 20 and 30 mm.<\/p>\n<p>&#8211; Sturdy fixed, rectified meat tank with watertight piston that can be removed effortlessly.<\/p>\n<p>&#8211; Quick-closing lid without handwheels.<\/p>\n<p>&#8211; Pressure gauge.<\/p>\n<p>&#8211; Automatic start and stop of the motor-pump by contactor and micro switch when the knee pad is pressed.<\/p>\n<p>&#8211; Watertight electrical panel.<\/p>\n<p>&#8211; Tank volume: 25,2 Lts.<\/p>\n<p>&#8211; Meat tank capacity: + or &#8211; 16 kg.<\/p>\n<p>&#8211; Power: 1.5 HP THREE-PHASE \/\/ 1.75 HP SINGLE-PHASE.<\/p>\n<p>OWN TECHNICAL SERVICE! More than 30 years of experience.<\/p>\n<p><strong>Embutidora hidr\u00e1ulica de pist\u00f3n Talsa<\/strong>\u00a0con puesta en marcha y paro de motor por rodillera.<\/p>\n<p>&#8211; Tap\u00f3n, pist\u00f3n y fondo de dep\u00f3sito en acero inoxidable.<\/p>\n<p>&#8211; Elevada presi\u00f3n para trabajar con las masas m\u00e1s compactas o fr\u00edas.<\/p>\n<p>&#8211; Regulador de velocidad situado junto al operario para un preciso ajuste.<\/p>\n<p>&#8211; Parada instant\u00e1nea de la salida de masa por descompresi\u00f3n autom\u00e1tica del pist\u00f3n.<\/p>\n<p>&#8211; Ergon\u00f3mica posici\u00f3n de la rodillera, manos del operario libres.<\/p>\n<p>&#8211; Pist\u00f3n de doble junta estanca.<\/p>\n<p>&#8211; Dep\u00f3sito de aceite hidr\u00e1ulico independiente.<\/p>\n<p>&#8211; Ruedas y asa para f\u00e1cil desplazamiento.<\/p>\n<p>&#8211; F\u00e1cil limpieza.<\/p>\n<p>&#8211; Tres embudos standard transparentes \u00f8 14, 20 y 30 mm.<\/p>\n<p>&#8211; Robusto dep\u00f3sito carne fijo rectificado con pist\u00f3n estanco autodesmontable sin esfuerzo.<\/p>\n<p>&#8211; Tapa de cierre r\u00e1pido sin volantes.<\/p>\n<p>&#8211; Man\u00f3metro.<\/p>\n<p>&#8211; Marcha y paro del motor-bomba autom\u00e1ticas por contactor y micro interruptor al pulsar la rodillera.<\/p>\n<p>&#8211; Cuadro el\u00e9ctrico estanco.<\/p>\n<p>&#8211; Volumen dep\u00f3sito: 25,2 Lts.<\/p>\n<p>&#8211; Capacidad dep\u00f3sito carne: + \u00f3 &#8211; 16 kg.<\/p>\n<p>&#8211; Potencia: 1,5 CV TRIF\u00c1SICA \/\/ 1,75 CV MONOF\u00c1SICA<\/p>\n<p><strong>\u00a1SERVICIO T\u00c9CNICO PROPIO!<\/strong>\u00a0M\u00e1s de 30 a\u00f1os de experiencia.<\/p>\n<p><iframe src=\"https:\/\/www.youtube.com\/embed\/QsxQ7JHBHDo\" width=\"560\" height=\"315\" frameborder=\"0\"><\/iframe><\/p>\n","protected":false},"excerpt":{"rendered":"<p><strong>Hydraulic piston stuffer<\/strong> with start-up and motor stop by knee pad. Stainless steel cap, piston and tank bottom.<\/p>\n","protected":false},"featured_media":359704,"comment_status":"closed","ping_status":"closed","template":"","meta":{"_joinchat":[]},"product_brand":[],"product_cat":[2779,3426],"product_tag":[3928],"class_list":{"0":"post-231028","1":"product","2":"type-product","3":"status-publish","4":"has-post-thumbnail","6":"product_cat-hydraulic-fillers-en","7":"product_cat-meat-machines","8":"product_tag-carne-en","10":"first","11":"instock","12":"taxable","13":"shipping-taxable","14":"product-type-simple"},"yoast_head":"<!-- This site is optimized with the Yoast SEO plugin v27.3 - https:\/\/yoast.com\/product\/yoast-seo-wordpress\/ -->\n<title>TALSA F25S SAUSAGE FILLER - Tienda Jose Bernad | Equipamiento Industria Alimentaria<\/title>\n<meta name=\"robots\" content=\"index, follow, max-snippet:-1, max-image-preview:large, max-video-preview:-1\" \/>\n<link rel=\"canonical\" href=\"https:\/\/www.tiendabernad.com\/en\/producto\/talsa-f25s-sausage-filler\/\" \/>\n<meta property=\"og:locale\" content=\"en_US\" \/>\n<meta property=\"og:type\" content=\"article\" \/>\n<meta property=\"og:title\" content=\"TALSA F25S SAUSAGE FILLER - Tienda Jose Bernad | Equipamiento Industria Alimentaria\" \/>\n<meta property=\"og:description\" content=\"Hydraulic piston stuffer with start-up and motor stop by knee pad. Stainless steel cap, piston and tank bottom.\" \/>\n<meta property=\"og:url\" content=\"https:\/\/www.tiendabernad.com\/en\/producto\/talsa-f25s-sausage-filler\/\" \/>\n<meta property=\"og:site_name\" content=\"Tienda Jose Bernad | Equipamiento Industria Alimentaria\" \/>\n<meta property=\"article:modified_time\" content=\"2022-03-14T10:00:53+00:00\" \/>\n<meta property=\"og:image\" content=\"https:\/\/www.tiendabernad.com\/wp-content\/uploads\/2014\/11\/Embutidora-de-carne-Talsa-F25S.png\" \/>\n\t<meta property=\"og:image:width\" content=\"1000\" \/>\n\t<meta property=\"og:image:height\" content=\"1000\" \/>\n\t<meta property=\"og:image:type\" content=\"image\/png\" \/>\n<meta name=\"twitter:card\" content=\"summary_large_image\" \/>\n<meta name=\"twitter:label1\" content=\"Est. reading time\" \/>\n\t<meta name=\"twitter:data1\" content=\"2 minutes\" \/>\n<script type=\"application\/ld+json\" class=\"yoast-schema-graph\">{\"@context\":\"https:\\\/\\\/schema.org\",\"@graph\":[{\"@type\":\"WebPage\",\"@id\":\"https:\\\/\\\/www.tiendabernad.com\\\/en\\\/producto\\\/talsa-f25s-sausage-filler\\\/\",\"url\":\"https:\\\/\\\/www.tiendabernad.com\\\/en\\\/producto\\\/talsa-f25s-sausage-filler\\\/\",\"name\":\"TALSA F25S SAUSAGE FILLER - Tienda Jose Bernad | Equipamiento Industria Alimentaria\",\"isPartOf\":{\"@id\":\"https:\\\/\\\/www.tiendabernad.com\\\/#website\"},\"primaryImageOfPage\":{\"@id\":\"https:\\\/\\\/www.tiendabernad.com\\\/en\\\/producto\\\/talsa-f25s-sausage-filler\\\/#primaryimage\"},\"image\":{\"@id\":\"https:\\\/\\\/www.tiendabernad.com\\\/en\\\/producto\\\/talsa-f25s-sausage-filler\\\/#primaryimage\"},\"thumbnailUrl\":\"https:\\\/\\\/www.tiendabernad.com\\\/wp-content\\\/uploads\\\/2014\\\/11\\\/Embutidora-de-carne-Talsa-F25S.png\",\"datePublished\":\"2014-11-05T03:12:13+00:00\",\"dateModified\":\"2022-03-14T10:00:53+00:00\",\"breadcrumb\":{\"@id\":\"https:\\\/\\\/www.tiendabernad.com\\\/en\\\/producto\\\/talsa-f25s-sausage-filler\\\/#breadcrumb\"},\"inLanguage\":\"en-US\",\"potentialAction\":[{\"@type\":\"ReadAction\",\"target\":[\"https:\\\/\\\/www.tiendabernad.com\\\/en\\\/producto\\\/talsa-f25s-sausage-filler\\\/\"]}]},{\"@type\":\"ImageObject\",\"inLanguage\":\"en-US\",\"@id\":\"https:\\\/\\\/www.tiendabernad.com\\\/en\\\/producto\\\/talsa-f25s-sausage-filler\\\/#primaryimage\",\"url\":\"https:\\\/\\\/www.tiendabernad.com\\\/wp-content\\\/uploads\\\/2014\\\/11\\\/Embutidora-de-carne-Talsa-F25S.png\",\"contentUrl\":\"https:\\\/\\\/www.tiendabernad.com\\\/wp-content\\\/uploads\\\/2014\\\/11\\\/Embutidora-de-carne-Talsa-F25S.png\",\"width\":1000,\"height\":1000},{\"@type\":\"BreadcrumbList\",\"@id\":\"https:\\\/\\\/www.tiendabernad.com\\\/en\\\/producto\\\/talsa-f25s-sausage-filler\\\/#breadcrumb\",\"itemListElement\":[{\"@type\":\"ListItem\",\"position\":1,\"name\":\"Portada\",\"item\":\"https:\\\/\\\/www.tiendabernad.com\\\/home\\\/\"},{\"@type\":\"ListItem\",\"position\":2,\"name\":\"Shop\",\"item\":\"https:\\\/\\\/www.tiendabernad.com\\\/shop\\\/\"},{\"@type\":\"ListItem\",\"position\":3,\"name\":\"TALSA F25S SAUSAGE FILLER\"}]},{\"@type\":\"WebSite\",\"@id\":\"https:\\\/\\\/www.tiendabernad.com\\\/#website\",\"url\":\"https:\\\/\\\/www.tiendabernad.com\\\/\",\"name\":\"Tienda Jose Bernad | Equipamiento Industria Alimentaria\",\"description\":\"Empresa especializada en el suministro de maquinaria para la industria alimentaria y hosteler\u00eda\",\"potentialAction\":[{\"@type\":\"SearchAction\",\"target\":{\"@type\":\"EntryPoint\",\"urlTemplate\":\"https:\\\/\\\/www.tiendabernad.com\\\/?s={search_term_string}\"},\"query-input\":{\"@type\":\"PropertyValueSpecification\",\"valueRequired\":true,\"valueName\":\"search_term_string\"}}],\"inLanguage\":\"en-US\"}]}<\/script>\n<!-- \/ Yoast SEO plugin. -->","yoast_head_json":{"title":"TALSA F25S SAUSAGE FILLER - Tienda Jose Bernad | Equipamiento Industria Alimentaria","robots":{"index":"index","follow":"follow","max-snippet":"max-snippet:-1","max-image-preview":"max-image-preview:large","max-video-preview":"max-video-preview:-1"},"canonical":"https:\/\/www.tiendabernad.com\/en\/producto\/talsa-f25s-sausage-filler\/","og_locale":"en_US","og_type":"article","og_title":"TALSA F25S SAUSAGE FILLER - Tienda Jose Bernad | Equipamiento Industria Alimentaria","og_description":"Hydraulic piston stuffer with start-up and motor stop by knee pad. Stainless steel cap, piston and tank bottom.","og_url":"https:\/\/www.tiendabernad.com\/en\/producto\/talsa-f25s-sausage-filler\/","og_site_name":"Tienda Jose Bernad | Equipamiento Industria Alimentaria","article_modified_time":"2022-03-14T10:00:53+00:00","og_image":[{"width":1000,"height":1000,"url":"https:\/\/www.tiendabernad.com\/wp-content\/uploads\/2014\/11\/Embutidora-de-carne-Talsa-F25S.png","type":"image\/png"}],"twitter_card":"summary_large_image","twitter_misc":{"Est. reading time":"2 minutes"},"schema":{"@context":"https:\/\/schema.org","@graph":[{"@type":"WebPage","@id":"https:\/\/www.tiendabernad.com\/en\/producto\/talsa-f25s-sausage-filler\/","url":"https:\/\/www.tiendabernad.com\/en\/producto\/talsa-f25s-sausage-filler\/","name":"TALSA F25S SAUSAGE FILLER - Tienda Jose Bernad | Equipamiento Industria Alimentaria","isPartOf":{"@id":"https:\/\/www.tiendabernad.com\/#website"},"primaryImageOfPage":{"@id":"https:\/\/www.tiendabernad.com\/en\/producto\/talsa-f25s-sausage-filler\/#primaryimage"},"image":{"@id":"https:\/\/www.tiendabernad.com\/en\/producto\/talsa-f25s-sausage-filler\/#primaryimage"},"thumbnailUrl":"https:\/\/www.tiendabernad.com\/wp-content\/uploads\/2014\/11\/Embutidora-de-carne-Talsa-F25S.png","datePublished":"2014-11-05T03:12:13+00:00","dateModified":"2022-03-14T10:00:53+00:00","breadcrumb":{"@id":"https:\/\/www.tiendabernad.com\/en\/producto\/talsa-f25s-sausage-filler\/#breadcrumb"},"inLanguage":"en-US","potentialAction":[{"@type":"ReadAction","target":["https:\/\/www.tiendabernad.com\/en\/producto\/talsa-f25s-sausage-filler\/"]}]},{"@type":"ImageObject","inLanguage":"en-US","@id":"https:\/\/www.tiendabernad.com\/en\/producto\/talsa-f25s-sausage-filler\/#primaryimage","url":"https:\/\/www.tiendabernad.com\/wp-content\/uploads\/2014\/11\/Embutidora-de-carne-Talsa-F25S.png","contentUrl":"https:\/\/www.tiendabernad.com\/wp-content\/uploads\/2014\/11\/Embutidora-de-carne-Talsa-F25S.png","width":1000,"height":1000},{"@type":"BreadcrumbList","@id":"https:\/\/www.tiendabernad.com\/en\/producto\/talsa-f25s-sausage-filler\/#breadcrumb","itemListElement":[{"@type":"ListItem","position":1,"name":"Portada","item":"https:\/\/www.tiendabernad.com\/home\/"},{"@type":"ListItem","position":2,"name":"Shop","item":"https:\/\/www.tiendabernad.com\/shop\/"},{"@type":"ListItem","position":3,"name":"TALSA F25S SAUSAGE FILLER"}]},{"@type":"WebSite","@id":"https:\/\/www.tiendabernad.com\/#website","url":"https:\/\/www.tiendabernad.com\/","name":"Tienda Jose Bernad | Equipamiento Industria Alimentaria","description":"Empresa especializada en el suministro de maquinaria para la industria alimentaria y hosteler\u00eda","potentialAction":[{"@type":"SearchAction","target":{"@type":"EntryPoint","urlTemplate":"https:\/\/www.tiendabernad.com\/?s={search_term_string}"},"query-input":{"@type":"PropertyValueSpecification","valueRequired":true,"valueName":"search_term_string"}}],"inLanguage":"en-US"}]}},"jetpack_sharing_enabled":true,"_links":{"self":[{"href":"https:\/\/www.tiendabernad.com\/en\/wp-json\/wp\/v2\/product\/231028","targetHints":{"allow":["GET"]}}],"collection":[{"href":"https:\/\/www.tiendabernad.com\/en\/wp-json\/wp\/v2\/product"}],"about":[{"href":"https:\/\/www.tiendabernad.com\/en\/wp-json\/wp\/v2\/types\/product"}],"replies":[{"embeddable":true,"href":"https:\/\/www.tiendabernad.com\/en\/wp-json\/wp\/v2\/comments?post=231028"}],"wp:featuredmedia":[{"embeddable":true,"href":"https:\/\/www.tiendabernad.com\/en\/wp-json\/wp\/v2\/media\/359704"}],"wp:attachment":[{"href":"https:\/\/www.tiendabernad.com\/en\/wp-json\/wp\/v2\/media?parent=231028"}],"wp:term":[{"taxonomy":"product_brand","embeddable":true,"href":"https:\/\/www.tiendabernad.com\/en\/wp-json\/wp\/v2\/product_brand?post=231028"},{"taxonomy":"product_cat","embeddable":true,"href":"https:\/\/www.tiendabernad.com\/en\/wp-json\/wp\/v2\/product_cat?post=231028"},{"taxonomy":"product_tag","embeddable":true,"href":"https:\/\/www.tiendabernad.com\/en\/wp-json\/wp\/v2\/product_tag?post=231028"}],"curies":[{"name":"wp","href":"https:\/\/api.w.org\/{rel}","templated":true}]}}