{"id":231635,"date":"2014-11-19T03:18:26","date_gmt":"2014-11-19T03:18:26","guid":{"rendered":"https:\/\/www.tiendabernad.com\/producto\/marmita-electrica-coccion\/"},"modified":"2020-01-09T19:50:57","modified_gmt":"2020-01-09T19:50:57","slug":"marmita-electrica-coccion","status":"publish","type":"product","link":"https:\/\/www.tiendabernad.com\/en\/producto\/marmita-electrica-coccion\/","title":{"rendered":"MARMITA ELECTRICA COCCION"},"content":{"rendered":"<p>Marmita el\u00e9ctrica f\u00e1cil de utilizar y regular, \u00fanico mantenimiento revisar anualmente el estado del fluido t\u00e9rmico. No precisan chimenea ni proyecto t\u00e9cnico espec\u00edfico.<\/p>\n<\/p>\n<p>Caracter\u00edsticas:<\/p>\n<\/p>\n<p>Mayor potencia el\u00e9ctrica kW, l\u00edder en el sector, mejora de tiempos de cocci\u00f3n.<\/p>\n<\/p>\n<p>Nuevas resistencias alta calidad, de acero inoxidable, sobredimensionadas para aceite, 3 W\/cm2.<\/p>\n<\/p>\n<p>Tiempo calentamiento lleno agua fr\u00eda 20\u00b0C hasta 90\u00baC:<\/p>\n<\/p>\n<p>Grifos de llenado directo agua fr\u00eda y agua caliente Echtermann Alemania incorporados en el frontal; significativa reducci\u00f3n de los tiempos de cocci\u00f3n antes mencionados si se precarga agua caliente.<\/p>\n<\/p>\n<p>Bisagra alemana Echtermann autosuspendida, apertura, parada en cualquier punto y cierre sin esfuerzo.<\/p>\n<\/p>\n<p>Permite la apertura de la tapa total a 90\u00b0.<\/p>\n<\/p>\n<p>Cableado el\u00e9ctrico interno de silicona ign\u00edfuga.<\/p>\n<\/p>\n<p>Llave de vaciado frontal Echtermann con palanca de seguridad que evita aperturas accidentales.<\/p>\n<\/p>\n<p>Dos termostatos de seguridad internos, uno autom\u00e1tico regulable y otro fijo con rearme manual.<\/p>\n<\/p>\n<p>Construcci\u00f3n enteramente en acero inoxidable AISI304, incluso el interior y c\u00e1mara t\u00e9rmica. Nada en hierro.<\/p>\n<\/p>\n<p>Pies NGI Dinamarca con radios limpieza CE y regulaci\u00f3n nivel.<\/p>\n<\/p>\n<p>Todos los modelos con c\u00e1mara t\u00e9rmica intermedia ba\u00f1o mar\u00eda de acero inoxidable, dep\u00f3sito de expansi\u00f3n interno, fluido t\u00e9rmico Shell de altas prestaciones y llave interna de vaciado.<\/p>\n<\/p>\n<p>Uniforme reparto del calor, mejor cocci\u00f3n, evita la posibilidad de requemarse el producto en el fondo.<\/p>\n<\/p>\n<p>Programador Aditec de tiempo y temperatura en cuadro independiente a 7 m manguera cables.<\/p>\n<\/p>\n<p>Arranque retardado cuenta atr\u00e1s Aditec de hasta -99 horas. Avisador sonoro de fin de ciclo.<\/p>\n<\/p>\n<p>F\u00e1cil limpieza exterior e interior con recipiente rectangular sin \u00e1ngulos, radios redondeados.<\/p>\n<\/p>\n<p>Hueco inferior 27 cm altura patas para limpieza.<\/p>\n<\/p>\n<p>Junta tapa de silicona esponjosa de alta calidad.<\/p>\n<\/p>\n<p>Aislamiento t\u00e9rmico laterales y tapa mediante lana de vidrio ign\u00edfuga protegida con revestimiento de aluminio.<\/p>\n<\/p>\n<p>No se precisa chimenea. Instalaci\u00f3n muy simple (electricidad 3+N+T, agua fr\u00eda + caliente y desag\u00fce en el suelo).<\/p>\n<\/p>\n<p>MODELOS DISPONIBLES.<\/p>\n<\/p>\n<p>REA-160 LTS<\/p>\n<\/p>\n<p>&#8211; Potencia: 9.000 Watt.<\/p>\n<\/p>\n<p>&#8211; 2 resistencias.<\/p>\n<\/p>\n<p>&#8211; Dimensiones Exteriores: 80x107x104 cm.<\/p>\n<\/p>\n<p>&#8211; Recipiente Interior: 44x70x54 cm.<\/p>\n<\/p>\n<p>&#8211; C\u00e1mara T\u00e9rmica Fluido: 36 lts\/31 kg.<\/p>\n<\/p>\n<p>&#8211; Peso: 237 kg.<\/p>\n<\/p>\n<p>REA-250 LTS<\/p>\n<\/p>\n<p>&#8211; Potencia: 13.500 Watt.<\/p>\n<\/p>\n<p>&#8211; 3 resistencias.<\/p>\n<\/p>\n<p>&#8211; Dimensiones Exteriores: 103x107x104 cm.<\/p>\n<\/p>\n<p>&#8211; Recipiente Interior: 67x70x54 cm.<\/p>\n<\/p>\n<p>&#8211; C\u00e1mara T\u00e9rmica Fluido: 52 lts\/45 kg.<\/p>\n<\/p>\n<p>&#8211; Peso: 289 kg.<\/p>\n<\/p>\n<p>REA-330 LTS<\/p>\n<\/p>\n<p>&#8211; Potencia: 18.000 Watt.<\/p>\n<\/p>\n<p>&#8211; 4 resistencias.<\/p>\n<\/p>\n<p>&#8211; Dimensiones Exteriores: 126x107x104 cm.<\/p>\n<\/p>\n<p>&#8211; Recipiente Interior: 90x70x54 cm.<\/p>\n<\/p>\n<p>&#8211; C\u00e1mara T\u00e9rmica Fluido: 67 lts\/58 kg.<\/p>\n<\/p>\n<p>&#8211; Peso: 341 kg.<\/p>\n<\/p>\n<p>REA-500 LTS<\/p>\n<\/p>\n<p>&#8211; Potencia: 27.000 Watt.<\/p>\n<\/p>\n<p>&#8211; 6 resistencias.<\/p>\n<\/p>\n<p>&#8211; Dimensiones Exteriores: 172x107x104 cm.<\/p>\n<\/p>\n<p>&#8211; Recipiente Interior: 136x70x54 cm.<\/p>\n<\/p>\n<p>&#8211; C\u00e1mara T\u00e9rmica Fluido: 97 lts\/84 kg.<\/p>\n<\/p>\n<p>&#8211; Peso: 448 kg.<\/p>\n<\/p><\/p>\n","protected":false},"excerpt":{"rendered":"<p>Marmita el\u00e9ctrica para cocci\u00f3n de f\u00e1cil instalaci\u00f3n, no precisa chimenea ni proyecto t\u00e9cnico espec\u00edfico.<\/p>\n","protected":false},"featured_media":0,"comment_status":"closed","ping_status":"closed","template":"","meta":{"_joinchat":[]},"product_brand":[],"product_cat":[3476],"product_tag":[],"class_list":{"0":"post-231635","1":"product","2":"type-product","3":"status-publish","5":"product_cat-various","7":"first","8":"instock","9":"taxable","10":"shipping-taxable","11":"product-type-variable"},"yoast_head":"<!-- This site is optimized with the Yoast SEO plugin v27.3 - https:\/\/yoast.com\/product\/yoast-seo-wordpress\/ -->\n<title>MARMITA ELECTRICA COCCION - Tienda Jose Bernad | Equipamiento Industria Alimentaria<\/title>\n<meta name=\"robots\" content=\"index, follow, max-snippet:-1, max-image-preview:large, max-video-preview:-1\" \/>\n<link rel=\"canonical\" href=\"https:\/\/www.tiendabernad.com\/en\/producto\/marmita-electrica-coccion\/\" \/>\n<meta property=\"og:locale\" content=\"en_US\" \/>\n<meta property=\"og:type\" content=\"article\" \/>\n<meta property=\"og:title\" content=\"MARMITA ELECTRICA COCCION - Tienda Jose Bernad | Equipamiento Industria Alimentaria\" \/>\n<meta property=\"og:description\" content=\"Marmita el\u00e9ctrica para cocci\u00f3n de f\u00e1cil instalaci\u00f3n, no precisa chimenea ni proyecto t\u00e9cnico espec\u00edfico.\" \/>\n<meta property=\"og:url\" content=\"https:\/\/www.tiendabernad.com\/en\/producto\/marmita-electrica-coccion\/\" \/>\n<meta property=\"og:site_name\" content=\"Tienda Jose Bernad | Equipamiento Industria Alimentaria\" \/>\n<meta property=\"article:modified_time\" content=\"2020-01-09T19:50:57+00:00\" \/>\n<meta name=\"twitter:card\" content=\"summary_large_image\" \/>\n<meta name=\"twitter:label1\" content=\"Est. reading time\" \/>\n\t<meta name=\"twitter:data1\" content=\"2 minutes\" \/>\n<script type=\"application\/ld+json\" class=\"yoast-schema-graph\">{\"@context\":\"https:\\\/\\\/schema.org\",\"@graph\":[{\"@type\":\"WebPage\",\"@id\":\"https:\\\/\\\/www.tiendabernad.com\\\/en\\\/producto\\\/marmita-electrica-coccion\\\/\",\"url\":\"https:\\\/\\\/www.tiendabernad.com\\\/en\\\/producto\\\/marmita-electrica-coccion\\\/\",\"name\":\"MARMITA ELECTRICA COCCION - Tienda Jose Bernad | Equipamiento Industria Alimentaria\",\"isPartOf\":{\"@id\":\"https:\\\/\\\/www.tiendabernad.com\\\/#website\"},\"datePublished\":\"2014-11-19T03:18:26+00:00\",\"dateModified\":\"2020-01-09T19:50:57+00:00\",\"breadcrumb\":{\"@id\":\"https:\\\/\\\/www.tiendabernad.com\\\/en\\\/producto\\\/marmita-electrica-coccion\\\/#breadcrumb\"},\"inLanguage\":\"en-US\",\"potentialAction\":[{\"@type\":\"ReadAction\",\"target\":[\"https:\\\/\\\/www.tiendabernad.com\\\/en\\\/producto\\\/marmita-electrica-coccion\\\/\"]}]},{\"@type\":\"BreadcrumbList\",\"@id\":\"https:\\\/\\\/www.tiendabernad.com\\\/en\\\/producto\\\/marmita-electrica-coccion\\\/#breadcrumb\",\"itemListElement\":[{\"@type\":\"ListItem\",\"position\":1,\"name\":\"Portada\",\"item\":\"https:\\\/\\\/www.tiendabernad.com\\\/home\\\/\"},{\"@type\":\"ListItem\",\"position\":2,\"name\":\"Shop\",\"item\":\"https:\\\/\\\/www.tiendabernad.com\\\/shop\\\/\"},{\"@type\":\"ListItem\",\"position\":3,\"name\":\"MARMITA ELECTRICA COCCION\"}]},{\"@type\":\"WebSite\",\"@id\":\"https:\\\/\\\/www.tiendabernad.com\\\/#website\",\"url\":\"https:\\\/\\\/www.tiendabernad.com\\\/\",\"name\":\"Tienda Jose Bernad | Equipamiento Industria Alimentaria\",\"description\":\"Empresa especializada en el suministro de maquinaria para la industria alimentaria y hosteler\u00eda\",\"potentialAction\":[{\"@type\":\"SearchAction\",\"target\":{\"@type\":\"EntryPoint\",\"urlTemplate\":\"https:\\\/\\\/www.tiendabernad.com\\\/?s={search_term_string}\"},\"query-input\":{\"@type\":\"PropertyValueSpecification\",\"valueRequired\":true,\"valueName\":\"search_term_string\"}}],\"inLanguage\":\"en-US\"}]}<\/script>\n<!-- \/ Yoast SEO plugin. -->","yoast_head_json":{"title":"MARMITA ELECTRICA COCCION - Tienda Jose Bernad | Equipamiento Industria Alimentaria","robots":{"index":"index","follow":"follow","max-snippet":"max-snippet:-1","max-image-preview":"max-image-preview:large","max-video-preview":"max-video-preview:-1"},"canonical":"https:\/\/www.tiendabernad.com\/en\/producto\/marmita-electrica-coccion\/","og_locale":"en_US","og_type":"article","og_title":"MARMITA ELECTRICA COCCION - Tienda Jose Bernad | Equipamiento Industria Alimentaria","og_description":"Marmita el\u00e9ctrica para cocci\u00f3n de f\u00e1cil instalaci\u00f3n, no precisa chimenea ni proyecto t\u00e9cnico espec\u00edfico.","og_url":"https:\/\/www.tiendabernad.com\/en\/producto\/marmita-electrica-coccion\/","og_site_name":"Tienda Jose Bernad | Equipamiento Industria Alimentaria","article_modified_time":"2020-01-09T19:50:57+00:00","twitter_card":"summary_large_image","twitter_misc":{"Est. reading time":"2 minutes"},"schema":{"@context":"https:\/\/schema.org","@graph":[{"@type":"WebPage","@id":"https:\/\/www.tiendabernad.com\/en\/producto\/marmita-electrica-coccion\/","url":"https:\/\/www.tiendabernad.com\/en\/producto\/marmita-electrica-coccion\/","name":"MARMITA ELECTRICA COCCION - Tienda Jose Bernad | Equipamiento Industria Alimentaria","isPartOf":{"@id":"https:\/\/www.tiendabernad.com\/#website"},"datePublished":"2014-11-19T03:18:26+00:00","dateModified":"2020-01-09T19:50:57+00:00","breadcrumb":{"@id":"https:\/\/www.tiendabernad.com\/en\/producto\/marmita-electrica-coccion\/#breadcrumb"},"inLanguage":"en-US","potentialAction":[{"@type":"ReadAction","target":["https:\/\/www.tiendabernad.com\/en\/producto\/marmita-electrica-coccion\/"]}]},{"@type":"BreadcrumbList","@id":"https:\/\/www.tiendabernad.com\/en\/producto\/marmita-electrica-coccion\/#breadcrumb","itemListElement":[{"@type":"ListItem","position":1,"name":"Portada","item":"https:\/\/www.tiendabernad.com\/home\/"},{"@type":"ListItem","position":2,"name":"Shop","item":"https:\/\/www.tiendabernad.com\/shop\/"},{"@type":"ListItem","position":3,"name":"MARMITA ELECTRICA COCCION"}]},{"@type":"WebSite","@id":"https:\/\/www.tiendabernad.com\/#website","url":"https:\/\/www.tiendabernad.com\/","name":"Tienda Jose Bernad | Equipamiento Industria Alimentaria","description":"Empresa especializada en el suministro de maquinaria para la industria alimentaria y hosteler\u00eda","potentialAction":[{"@type":"SearchAction","target":{"@type":"EntryPoint","urlTemplate":"https:\/\/www.tiendabernad.com\/?s={search_term_string}"},"query-input":{"@type":"PropertyValueSpecification","valueRequired":true,"valueName":"search_term_string"}}],"inLanguage":"en-US"}]}},"_links":{"self":[{"href":"https:\/\/www.tiendabernad.com\/en\/wp-json\/wp\/v2\/product\/231635","targetHints":{"allow":["GET"]}}],"collection":[{"href":"https:\/\/www.tiendabernad.com\/en\/wp-json\/wp\/v2\/product"}],"about":[{"href":"https:\/\/www.tiendabernad.com\/en\/wp-json\/wp\/v2\/types\/product"}],"replies":[{"embeddable":true,"href":"https:\/\/www.tiendabernad.com\/en\/wp-json\/wp\/v2\/comments?post=231635"}],"wp:attachment":[{"href":"https:\/\/www.tiendabernad.com\/en\/wp-json\/wp\/v2\/media?parent=231635"}],"wp:term":[{"taxonomy":"product_brand","embeddable":true,"href":"https:\/\/www.tiendabernad.com\/en\/wp-json\/wp\/v2\/product_brand?post=231635"},{"taxonomy":"product_cat","embeddable":true,"href":"https:\/\/www.tiendabernad.com\/en\/wp-json\/wp\/v2\/product_cat?post=231635"},{"taxonomy":"product_tag","embeddable":true,"href":"https:\/\/www.tiendabernad.com\/en\/wp-json\/wp\/v2\/product_tag?post=231635"}],"curies":[{"name":"wp","href":"https:\/\/api.w.org\/{rel}","templated":true}]}}