{"id":231671,"date":"2014-11-21T03:31:24","date_gmt":"2014-11-21T03:31:24","guid":{"rendered":"https:\/\/www.tiendabernad.com\/producto\/marmita-a-gas-coccion\/"},"modified":"2020-01-09T19:50:57","modified_gmt":"2020-01-09T19:50:57","slug":"marmita-a-gas-coccion","status":"publish","type":"product","link":"https:\/\/www.tiendabernad.com\/en\/producto\/marmita-a-gas-coccion\/","title":{"rendered":"MARMITA A GAS COCCION"},"content":{"rendered":"<p>Las marmitas a gas tienen un costo de adquisici\u00f3n, instalaci\u00f3n y mantenimiento superior a las el\u00e9ctricas pero su gasto de consumo por kcal suele ser inferior. Deben ser instaladas por profesional titulado en gas, con seguro de responsabilidad, precisan proyecto t\u00e9cnico individual y mantenimiento\/revisi\u00f3n peri\u00f3dica seg\u00fan normativas.<\/p>\n<\/p>\n<p>&#8211; Mayor potencia kcal gas, mejora de tiempos de cocci\u00f3n. Quemadores de acero inoxidable.<\/p>\n<\/p>\n<p>&#8211; Avanzado encendido gas totalmente autom\u00e1tico por descarga m\u00faltiples chispas, sin llama piloto, apagado completo.<\/p>\n<\/p>\n<p>&#8211; Tiempo calentamiento lleno agua fr\u00eda 20\u00b0C hasta 90\u00baC:<\/p>\n<\/p>\n<p>&#8211; Grifos de llenado directo agua fr\u00eda y agua caliente Echtermann Alemania incorporados en el frontal; significativa reducci\u00f3n de los tiempos de cocci\u00f3n antes mencionados si se precarga agua caliente.<\/p>\n<\/p>\n<p>&#8211; Bisagra alemana Echtermann autosuspendida, apertura, parada en cualquier punto y cierre sin esfuerzo.<\/p>\n<\/p>\n<p>&#8211; Permite la apertura de la tapa total a 90\u00b0.<\/p>\n<\/p>\n<p>&#8211; Cableado el\u00e9ctrico interno de silicona ign\u00edfuga.<\/p>\n<\/p>\n<p>&#8211; Llave de vaciado frontal Echtermann con palanca de seguridad que evita aperturas accidentales.<\/p>\n<\/p>\n<p>&#8211; Dos termostatos de seguridad internos, uno autom\u00e1tico regulable y otro fijo con rearme manual.<\/p>\n<\/p>\n<p>&#8211; Configurables para todo tipo de gas baja presi\u00f3n (indicar): Natural G20, Propano G31, Butano G30.<\/p>\n<\/p>\n<p>&#8211; Construcci\u00f3n enteramente en acero inoxidable AISI304.<\/p>\n<\/p>\n<p>&#8211; Pies NGI Dinamarca con radios limpieza y regulaci\u00f3n nivel.<\/p>\n<\/p>\n<p>&#8211; Todos los modelos con c\u00e1mara t\u00e9rmica intermedia ba\u00f1o mar\u00eda de acero inoxidable, dep\u00f3sito de expansi\u00f3n interno, fluido t\u00e9rmico Shell de altas prestaciones y llave interna de vaciado. Uniforme reparto del calor, mejor cocci\u00f3n, evita la posibilidad de requemarse el producto en el fondo.<\/p>\n<\/p>\n<p>&#8211; Programador Aditec de tiempo y temperatura en cuadro independiente a 7 m manguera cables.<\/p>\n<\/p>\n<p>&#8211; Arranque retardado cuenta atr\u00e1s Aditec de hasta -99 horas. Avisador sonoro de fin de ciclo.<\/p>\n<\/p>\n<p>&#8211; F\u00e1cil limpieza exterior e interior con recipiente rectangular sin \u00e1ngulos, radios redondeados.<\/p>\n<\/p>\n<p>&#8211; Hueco inferior 15 cm altura patas para limpieza, seg\u00fan normas.<\/p>\n<\/p>\n<p>&#8211; Junta tapa de silicona esponjosa de alta calidad.<\/p>\n<\/p>\n<p>&#8211; Aislamiento t\u00e9rmico laterales y tapa mediante lana de vidrio ign\u00edfuga con revestimiento de aluminio.<\/p>\n<\/p>\n<p>&#8211; Instalaci\u00f3n s\u00f3lo por profesional titulado gas, proyecto, normativas locales. Precisa instalaci\u00f3n tubo comercial chimenea evacuaci\u00f3n humos combusti\u00f3n y tomas de electricidad monof\u00e1sica 230V, agua fr\u00eda, caliente y desag\u00fce en el suelo.<\/p>\n<\/p>\n<p>&#8211; Homologaci\u00f3n Comunitaria UE aparato gas categor\u00eda B11 laboratorio Applus+.<\/p>\n<\/p>\n<p>MODELOS DISPONIBLES.<\/p>\n<\/p>\n<p>RGA-160 LTS<\/p>\n<\/p>\n<p>&#8211; Potencia: 16.000 kcal\/h.<\/p>\n<\/p>\n<p>&#8211; 2 quemadores.<\/p>\n<\/p>\n<p>&#8211; Dimensiones Exteriores: 80x107x104 cm.<\/p>\n<\/p>\n<p>&#8211; Recipiente Interior: 44x70x54 cm.<\/p>\n<\/p>\n<p>&#8211; C\u00e1mara T\u00e9rmica Fluido: 36 lts\/31 kg.<\/p>\n<\/p>\n<p>&#8211; Peso: 257 kg.<\/p>\n<\/p>\n<p>REA-250 LTS<\/p>\n<\/p>\n<p>&#8211; Potencia: 24.000 kcal\/h.<\/p>\n<\/p>\n<p>&#8211; 3 quemadores.<\/p>\n<\/p>\n<p>&#8211; Dimensiones Exteriores: 103x107x104 cm.<\/p>\n<\/p>\n<p>&#8211; Recipiente Interior: 67x70x54 cm.<\/p>\n<\/p>\n<p>&#8211; C\u00e1mara T\u00e9rmica Fluido: 52 lts\/45 kg.<\/p>\n<\/p>\n<p>&#8211; Peso: 314 kg.<\/p>\n<\/p>\n<p>REA-330 LTS<\/p>\n<\/p>\n<p>&#8211; Potencia: 32.000 kcal\/h.<\/p>\n<\/p>\n<p>&#8211; 4 quemadores.<\/p>\n<\/p>\n<p>&#8211; Dimensiones Exteriores: 126x107x104 cm.<\/p>\n<\/p>\n<p>&#8211; Recipiente Interior: 90x70x54 cm.<\/p>\n<\/p>\n<p>&#8211; C\u00e1mara T\u00e9rmica Fluido: 67 lts\/58 kg.<\/p>\n<\/p>\n<p>&#8211; Peso: 369 kg.<\/p>\n<\/p>\n<p>REA-500 LTS<\/p>\n<\/p>\n<p>&#8211; Potencia: 48.000 kcal\/h.<\/p>\n<\/p>\n<p>&#8211; 6 quemadores.<\/p>\n<\/p>\n<p>&#8211; Dimensiones Exteriores: 172x107x104 cm.<\/p>\n<\/p>\n<p>&#8211; Recipiente Interior: 136x70x54 cm.<\/p>\n<\/p>\n<p>&#8211; C\u00e1mara T\u00e9rmica Fluido: 97 lts\/84 kg.<\/p>\n<\/p>\n<p>&#8211; Peso: 482 kg.<\/p>\n<\/p><\/p>\n","protected":false},"excerpt":{"rendered":"<p>Las marmitas a gas tienen un costo de adquisici\u00f3n, instalaci\u00f3n y mantenimiento superior a las el\u00e9ctricas pero su gasto de consumo por kcal suele ser inferior.<\/p>\n","protected":false},"featured_media":0,"comment_status":"closed","ping_status":"closed","template":"","meta":{"_joinchat":[]},"product_brand":[],"product_cat":[3476],"product_tag":[],"class_list":{"0":"post-231671","1":"product","2":"type-product","3":"status-publish","5":"product_cat-various","7":"first","8":"instock","9":"taxable","10":"shipping-taxable","11":"product-type-variable"},"yoast_head":"<!-- This site is optimized with the Yoast SEO plugin v27.3 - https:\/\/yoast.com\/product\/yoast-seo-wordpress\/ -->\n<title>MARMITA A GAS COCCION - Tienda Jose Bernad | Equipamiento Industria Alimentaria<\/title>\n<meta name=\"robots\" content=\"index, follow, max-snippet:-1, max-image-preview:large, max-video-preview:-1\" \/>\n<link rel=\"canonical\" href=\"https:\/\/www.tiendabernad.com\/en\/producto\/marmita-a-gas-coccion\/\" \/>\n<meta property=\"og:locale\" content=\"en_US\" \/>\n<meta property=\"og:type\" content=\"article\" \/>\n<meta property=\"og:title\" content=\"MARMITA A GAS COCCION - Tienda Jose Bernad | Equipamiento Industria Alimentaria\" \/>\n<meta property=\"og:description\" content=\"Las marmitas a gas tienen un costo de adquisici\u00f3n, instalaci\u00f3n y mantenimiento superior a las el\u00e9ctricas pero su gasto de consumo por kcal suele ser inferior.\" \/>\n<meta property=\"og:url\" content=\"https:\/\/www.tiendabernad.com\/en\/producto\/marmita-a-gas-coccion\/\" \/>\n<meta property=\"og:site_name\" content=\"Tienda Jose Bernad | Equipamiento Industria Alimentaria\" \/>\n<meta property=\"article:modified_time\" content=\"2020-01-09T19:50:57+00:00\" \/>\n<meta name=\"twitter:card\" content=\"summary_large_image\" \/>\n<meta name=\"twitter:label1\" content=\"Est. reading time\" \/>\n\t<meta name=\"twitter:data1\" content=\"3 minutes\" \/>\n<script type=\"application\/ld+json\" class=\"yoast-schema-graph\">{\"@context\":\"https:\\\/\\\/schema.org\",\"@graph\":[{\"@type\":\"WebPage\",\"@id\":\"https:\\\/\\\/www.tiendabernad.com\\\/en\\\/producto\\\/marmita-a-gas-coccion\\\/\",\"url\":\"https:\\\/\\\/www.tiendabernad.com\\\/en\\\/producto\\\/marmita-a-gas-coccion\\\/\",\"name\":\"MARMITA A GAS COCCION - Tienda Jose Bernad | Equipamiento Industria Alimentaria\",\"isPartOf\":{\"@id\":\"https:\\\/\\\/www.tiendabernad.com\\\/#website\"},\"datePublished\":\"2014-11-21T03:31:24+00:00\",\"dateModified\":\"2020-01-09T19:50:57+00:00\",\"breadcrumb\":{\"@id\":\"https:\\\/\\\/www.tiendabernad.com\\\/en\\\/producto\\\/marmita-a-gas-coccion\\\/#breadcrumb\"},\"inLanguage\":\"en-US\",\"potentialAction\":[{\"@type\":\"ReadAction\",\"target\":[\"https:\\\/\\\/www.tiendabernad.com\\\/en\\\/producto\\\/marmita-a-gas-coccion\\\/\"]}]},{\"@type\":\"BreadcrumbList\",\"@id\":\"https:\\\/\\\/www.tiendabernad.com\\\/en\\\/producto\\\/marmita-a-gas-coccion\\\/#breadcrumb\",\"itemListElement\":[{\"@type\":\"ListItem\",\"position\":1,\"name\":\"Portada\",\"item\":\"https:\\\/\\\/www.tiendabernad.com\\\/home\\\/\"},{\"@type\":\"ListItem\",\"position\":2,\"name\":\"Shop\",\"item\":\"https:\\\/\\\/www.tiendabernad.com\\\/shop\\\/\"},{\"@type\":\"ListItem\",\"position\":3,\"name\":\"MARMITA A GAS COCCION\"}]},{\"@type\":\"WebSite\",\"@id\":\"https:\\\/\\\/www.tiendabernad.com\\\/#website\",\"url\":\"https:\\\/\\\/www.tiendabernad.com\\\/\",\"name\":\"Tienda Jose Bernad | Equipamiento Industria Alimentaria\",\"description\":\"Empresa especializada en el suministro de maquinaria para la industria alimentaria y hosteler\u00eda\",\"potentialAction\":[{\"@type\":\"SearchAction\",\"target\":{\"@type\":\"EntryPoint\",\"urlTemplate\":\"https:\\\/\\\/www.tiendabernad.com\\\/?s={search_term_string}\"},\"query-input\":{\"@type\":\"PropertyValueSpecification\",\"valueRequired\":true,\"valueName\":\"search_term_string\"}}],\"inLanguage\":\"en-US\"}]}<\/script>\n<!-- \/ Yoast SEO plugin. -->","yoast_head_json":{"title":"MARMITA A GAS COCCION - Tienda Jose Bernad | Equipamiento Industria Alimentaria","robots":{"index":"index","follow":"follow","max-snippet":"max-snippet:-1","max-image-preview":"max-image-preview:large","max-video-preview":"max-video-preview:-1"},"canonical":"https:\/\/www.tiendabernad.com\/en\/producto\/marmita-a-gas-coccion\/","og_locale":"en_US","og_type":"article","og_title":"MARMITA A GAS COCCION - Tienda Jose Bernad | Equipamiento Industria Alimentaria","og_description":"Las marmitas a gas tienen un costo de adquisici\u00f3n, instalaci\u00f3n y mantenimiento superior a las el\u00e9ctricas pero su gasto de consumo por kcal suele ser inferior.","og_url":"https:\/\/www.tiendabernad.com\/en\/producto\/marmita-a-gas-coccion\/","og_site_name":"Tienda Jose Bernad | Equipamiento Industria Alimentaria","article_modified_time":"2020-01-09T19:50:57+00:00","twitter_card":"summary_large_image","twitter_misc":{"Est. reading time":"3 minutes"},"schema":{"@context":"https:\/\/schema.org","@graph":[{"@type":"WebPage","@id":"https:\/\/www.tiendabernad.com\/en\/producto\/marmita-a-gas-coccion\/","url":"https:\/\/www.tiendabernad.com\/en\/producto\/marmita-a-gas-coccion\/","name":"MARMITA A GAS COCCION - Tienda Jose Bernad | Equipamiento Industria Alimentaria","isPartOf":{"@id":"https:\/\/www.tiendabernad.com\/#website"},"datePublished":"2014-11-21T03:31:24+00:00","dateModified":"2020-01-09T19:50:57+00:00","breadcrumb":{"@id":"https:\/\/www.tiendabernad.com\/en\/producto\/marmita-a-gas-coccion\/#breadcrumb"},"inLanguage":"en-US","potentialAction":[{"@type":"ReadAction","target":["https:\/\/www.tiendabernad.com\/en\/producto\/marmita-a-gas-coccion\/"]}]},{"@type":"BreadcrumbList","@id":"https:\/\/www.tiendabernad.com\/en\/producto\/marmita-a-gas-coccion\/#breadcrumb","itemListElement":[{"@type":"ListItem","position":1,"name":"Portada","item":"https:\/\/www.tiendabernad.com\/home\/"},{"@type":"ListItem","position":2,"name":"Shop","item":"https:\/\/www.tiendabernad.com\/shop\/"},{"@type":"ListItem","position":3,"name":"MARMITA A GAS COCCION"}]},{"@type":"WebSite","@id":"https:\/\/www.tiendabernad.com\/#website","url":"https:\/\/www.tiendabernad.com\/","name":"Tienda Jose Bernad | Equipamiento Industria Alimentaria","description":"Empresa especializada en el suministro de maquinaria para la industria alimentaria y hosteler\u00eda","potentialAction":[{"@type":"SearchAction","target":{"@type":"EntryPoint","urlTemplate":"https:\/\/www.tiendabernad.com\/?s={search_term_string}"},"query-input":{"@type":"PropertyValueSpecification","valueRequired":true,"valueName":"search_term_string"}}],"inLanguage":"en-US"}]}},"_links":{"self":[{"href":"https:\/\/www.tiendabernad.com\/en\/wp-json\/wp\/v2\/product\/231671","targetHints":{"allow":["GET"]}}],"collection":[{"href":"https:\/\/www.tiendabernad.com\/en\/wp-json\/wp\/v2\/product"}],"about":[{"href":"https:\/\/www.tiendabernad.com\/en\/wp-json\/wp\/v2\/types\/product"}],"replies":[{"embeddable":true,"href":"https:\/\/www.tiendabernad.com\/en\/wp-json\/wp\/v2\/comments?post=231671"}],"wp:attachment":[{"href":"https:\/\/www.tiendabernad.com\/en\/wp-json\/wp\/v2\/media?parent=231671"}],"wp:term":[{"taxonomy":"product_brand","embeddable":true,"href":"https:\/\/www.tiendabernad.com\/en\/wp-json\/wp\/v2\/product_brand?post=231671"},{"taxonomy":"product_cat","embeddable":true,"href":"https:\/\/www.tiendabernad.com\/en\/wp-json\/wp\/v2\/product_cat?post=231671"},{"taxonomy":"product_tag","embeddable":true,"href":"https:\/\/www.tiendabernad.com\/en\/wp-json\/wp\/v2\/product_tag?post=231671"}],"curies":[{"name":"wp","href":"https:\/\/api.w.org\/{rel}","templated":true}]}}