{"id":234489,"date":"2018-06-29T18:36:06","date_gmt":"2018-06-29T18:36:06","guid":{"rendered":"https:\/\/www.tiendabernad.com\/producto\/paneled-thermostat-w-1-relay-71x29mm\/"},"modified":"2022-02-25T08:09:58","modified_gmt":"2022-02-25T08:09:58","slug":"paneled-thermostat-w-1-relay-71x29mm","status":"publish","type":"product","link":"https:\/\/www.tiendabernad.com\/en\/producto\/paneled-thermostat-w-1-relay-71x29mm\/","title":{"rendered":"THERMOSTAT FOR PANELS W\/ 1 RELAY 71X29MM"},"content":{"rendered":"<p><span id=\"result_box\" lang=\"en\" xml:lang=\"en\"><strong><span title=\"Termostato 1 rel\u00e9 panelable.\">Thermostat for panels with 1 relay. <\/span><\/strong><span title=\"Dimensiones hueco panel 71x29 mm de la marca Ako.\"><strong>Dimensions of panel hole 71&#215;29 mm by Ako.<\/strong><\/p>\n<p><\/span><span title=\"Ideal para servicios positivos (Temperatura superior a 3\u00baC).\">Ideal for positive services (Temperature higher than 3\u00baC). <\/span><span title=\"Desescarche por paro de compresor.\">Defrost by compressor stop.<\/p>\n<p><\/span><span title=\"Unidades refrigeradas est\u00e1ticas con temperatura positiva.\">Stationary refrigerated units with positive temperature.<\/p>\n<p><\/span><span title=\"Aplicaciones de alta temperatura como hornos, mesas calientes, ba\u00f1os-mar\u00eda, etc.\">High temperature applications such as ovens, hot tables, steam baths, etc.<\/p>\n<p><\/span><span title=\"Funcionamiento Fr\u00edo\/Calor configurable por el programa.\">Cold \/ Heat operation configurable by the program.<\/p>\n<p><\/span><span title=\"Termostato especialmente indicado para c\u00e1maras, muebles y armarios el\u00e9ctricos.\">Thermostat specially indicated for cameras, furniture and electrical cabinets.<\/p>\n<p><\/span><span title=\"Los modelos de termostatos Darwin ya vienen programados con las 3 aplicaciones m\u00e1s comunes (refrigeraci\u00f3n, climatizaci\u00f3n o calor).\">The Darwin thermostat models are already programmed with the 3 most common applications (refrigeration, air conditioning or heating).<\/p>\n<p><\/span><span title=\"Rango -50 a +99 \u00baC con sonda NTC (incluida) y -50 a +150 \u00baC con sonda PTC (opcional)\">Range -50 to +99 \u00b0 C with NTC probe (included) and -50 to +150 \u00b0 C with PTC probe (optional)<\/p>\n<p><\/span><span title=\"Visualizaci\u00f3n y control en 0,1 \u00baC.\">Visualization and control at 0.1 \u00baC.<\/p>\n<p><\/span><span title=\"Equipo AKO-D14123-2-RC dispone de comunicaci\u00f3n integrada RS-485 (C) y reloj en tiempo real (R).\">AKO-D14123-2-RC equipment integrates RS-485 communication (C) and real-time clock (R).<\/p>\n<p><\/span><span title=\"Rel\u00e9 conmutado en AJO-D14112, AKO-D14123-2 y AKO-D14123-2-RC para el control del compresor y la resistencia de c\u00e1rter.\">Relay commuted in AJO-D14112, AKO-D14123-2 and AKO-D14123-2-RC for compressor control and crankcase heater.<\/p>\n<p><\/span><span title=\"TTDP-20 profundidad 43 mm, resto de los equipos 61 mm.\">TTDP-20 depth 43 mm, rest of equipment 61 mm.<\/p>\n<p><\/span><span title=\"R\u00e1pida configuraci\u00f3n seleccionando una de las 3 aplicaciones ya programadas (Refrigeraci\u00f3n, climatizaci\u00f3n o calor).\">Quick configuration by selecting one of the 3 applications already programmed (Refrigeration, air conditioning or heating).<\/span><\/span><\/p>\n<p><img decoding=\"async\" class=\" size-full wp-image-234488\" src=\"https:\/\/www.tiendabernad.com\/wp-content\/uploads\/2018\/06\/cms_1_2.PNG\" alt=\"\" width=\"557\" height=\"146\" srcset=\"https:\/\/www.tiendabernad.com\/wp-content\/uploads\/2018\/06\/cms_1_2-200x52.png 200w, https:\/\/www.tiendabernad.com\/wp-content\/uploads\/2018\/06\/cms_1_2-400x105.png 400w, https:\/\/www.tiendabernad.com\/wp-content\/uploads\/2018\/06\/cms_1_2-450x118.png 450w, https:\/\/www.tiendabernad.com\/wp-content\/uploads\/2018\/06\/cms_1_2-500x131.png 500w, https:\/\/www.tiendabernad.com\/wp-content\/uploads\/2018\/06\/cms_1_2-600x157.png 600w, https:\/\/www.tiendabernad.com\/wp-content\/uploads\/2018\/06\/cms_1_2-700x183.png 700w, https:\/\/www.tiendabernad.com\/wp-content\/uploads\/2018\/06\/cms_1_2-768x201.png 768w, https:\/\/www.tiendabernad.com\/wp-content\/uploads\/2018\/06\/cms_1_2.PNG 771w\" sizes=\"(max-width: 557px) 100vw, 557px\" \/><\/p>\n","protected":false},"excerpt":{"rendered":"<p><span id=\"result_box\" lang=\"en\" xml:lang=\"en\"><strong><span title=\"Termostato 1 rel\u00e9 panelable.\">Thermostat for panels with 1 relay. <\/span><\/strong><span title=\"Dimensiones hueco panel 71x29 mm de la marca Ako.\">Dimensions of panel hole 71&#215;29 mm by Ako.<\/span><\/span><\/p>\n","protected":false},"featured_media":234477,"comment_status":"closed","ping_status":"closed","template":"","meta":{"_joinchat":[]},"product_brand":[],"product_cat":[2547],"product_tag":[],"class_list":{"0":"post-234489","1":"product","2":"type-product","3":"status-publish","4":"has-post-thumbnail","6":"product_cat-thermostats-en","8":"first","9":"instock","10":"taxable","11":"shipping-taxable","12":"product-type-simple"},"yoast_head":"<!-- This site is optimized with the Yoast SEO plugin v27.3 - https:\/\/yoast.com\/product\/yoast-seo-wordpress\/ -->\n<title>Buy THERMOSTAT for PANELS with 1 relay online<\/title>\n<meta name=\"description\" content=\"Buy now thermostat for panels with 1 relay 71x29 mm at the best quality\/price online!\" \/>\n<meta name=\"robots\" content=\"index, follow, max-snippet:-1, max-image-preview:large, max-video-preview:-1\" \/>\n<link rel=\"canonical\" href=\"https:\/\/www.tiendabernad.com\/en\/producto\/paneled-thermostat-w-1-relay-71x29mm\/\" \/>\n<meta property=\"og:locale\" content=\"en_US\" \/>\n<meta property=\"og:type\" content=\"article\" \/>\n<meta property=\"og:title\" content=\"Buy THERMOSTAT for PANELS with 1 relay online\" \/>\n<meta property=\"og:description\" content=\"Buy now thermostat for panels with 1 relay 71x29 mm at the best quality\/price online!\" \/>\n<meta property=\"og:url\" content=\"https:\/\/www.tiendabernad.com\/en\/producto\/paneled-thermostat-w-1-relay-71x29mm\/\" \/>\n<meta property=\"og:site_name\" content=\"Tienda Jose Bernad | Equipamiento Industria Alimentaria\" \/>\n<meta property=\"article:modified_time\" content=\"2022-02-25T08:09:58+00:00\" \/>\n<meta property=\"og:image\" content=\"https:\/\/www.tiendabernad.com\/wp-content\/uploads\/2018\/06\/p_1_6_1_7_1617-thickbox_default-TERMOSTATO-1-RELE-PANELABLE-71X29MM.jpg\" \/>\n\t<meta property=\"og:image:width\" content=\"800\" \/>\n\t<meta property=\"og:image:height\" content=\"800\" \/>\n\t<meta property=\"og:image:type\" content=\"image\/jpeg\" \/>\n<meta name=\"twitter:card\" content=\"summary_large_image\" \/>\n<meta name=\"twitter:label1\" content=\"Est. reading time\" \/>\n\t<meta name=\"twitter:data1\" content=\"1 minute\" \/>\n<script type=\"application\/ld+json\" class=\"yoast-schema-graph\">{\"@context\":\"https:\\\/\\\/schema.org\",\"@graph\":[{\"@type\":\"WebPage\",\"@id\":\"https:\\\/\\\/www.tiendabernad.com\\\/en\\\/producto\\\/paneled-thermostat-w-1-relay-71x29mm\\\/\",\"url\":\"https:\\\/\\\/www.tiendabernad.com\\\/en\\\/producto\\\/paneled-thermostat-w-1-relay-71x29mm\\\/\",\"name\":\"Buy THERMOSTAT for PANELS with 1 relay online\",\"isPartOf\":{\"@id\":\"https:\\\/\\\/www.tiendabernad.com\\\/#website\"},\"primaryImageOfPage\":{\"@id\":\"https:\\\/\\\/www.tiendabernad.com\\\/en\\\/producto\\\/paneled-thermostat-w-1-relay-71x29mm\\\/#primaryimage\"},\"image\":{\"@id\":\"https:\\\/\\\/www.tiendabernad.com\\\/en\\\/producto\\\/paneled-thermostat-w-1-relay-71x29mm\\\/#primaryimage\"},\"thumbnailUrl\":\"https:\\\/\\\/www.tiendabernad.com\\\/wp-content\\\/uploads\\\/2018\\\/06\\\/p_1_6_1_7_1617-thickbox_default-TERMOSTATO-1-RELE-PANELABLE-71X29MM.jpg\",\"datePublished\":\"2018-06-29T18:36:06+00:00\",\"dateModified\":\"2022-02-25T08:09:58+00:00\",\"description\":\"Buy now thermostat for panels with 1 relay 71x29 mm at the best quality\\\/price online!\",\"breadcrumb\":{\"@id\":\"https:\\\/\\\/www.tiendabernad.com\\\/en\\\/producto\\\/paneled-thermostat-w-1-relay-71x29mm\\\/#breadcrumb\"},\"inLanguage\":\"en-US\",\"potentialAction\":[{\"@type\":\"ReadAction\",\"target\":[\"https:\\\/\\\/www.tiendabernad.com\\\/en\\\/producto\\\/paneled-thermostat-w-1-relay-71x29mm\\\/\"]}]},{\"@type\":\"ImageObject\",\"inLanguage\":\"en-US\",\"@id\":\"https:\\\/\\\/www.tiendabernad.com\\\/en\\\/producto\\\/paneled-thermostat-w-1-relay-71x29mm\\\/#primaryimage\",\"url\":\"https:\\\/\\\/www.tiendabernad.com\\\/wp-content\\\/uploads\\\/2018\\\/06\\\/p_1_6_1_7_1617-thickbox_default-TERMOSTATO-1-RELE-PANELABLE-71X29MM.jpg\",\"contentUrl\":\"https:\\\/\\\/www.tiendabernad.com\\\/wp-content\\\/uploads\\\/2018\\\/06\\\/p_1_6_1_7_1617-thickbox_default-TERMOSTATO-1-RELE-PANELABLE-71X29MM.jpg\",\"width\":800,\"height\":800},{\"@type\":\"BreadcrumbList\",\"@id\":\"https:\\\/\\\/www.tiendabernad.com\\\/en\\\/producto\\\/paneled-thermostat-w-1-relay-71x29mm\\\/#breadcrumb\",\"itemListElement\":[{\"@type\":\"ListItem\",\"position\":1,\"name\":\"Portada\",\"item\":\"https:\\\/\\\/www.tiendabernad.com\\\/home\\\/\"},{\"@type\":\"ListItem\",\"position\":2,\"name\":\"Shop\",\"item\":\"https:\\\/\\\/www.tiendabernad.com\\\/shop\\\/\"},{\"@type\":\"ListItem\",\"position\":3,\"name\":\"THERMOSTAT FOR PANELS W\\\/ 1 RELAY 71X29MM\"}]},{\"@type\":\"WebSite\",\"@id\":\"https:\\\/\\\/www.tiendabernad.com\\\/#website\",\"url\":\"https:\\\/\\\/www.tiendabernad.com\\\/\",\"name\":\"Tienda Jose Bernad | Equipamiento Industria Alimentaria\",\"description\":\"Empresa especializada en el suministro de maquinaria para la industria alimentaria y hosteler\u00eda\",\"potentialAction\":[{\"@type\":\"SearchAction\",\"target\":{\"@type\":\"EntryPoint\",\"urlTemplate\":\"https:\\\/\\\/www.tiendabernad.com\\\/?s={search_term_string}\"},\"query-input\":{\"@type\":\"PropertyValueSpecification\",\"valueRequired\":true,\"valueName\":\"search_term_string\"}}],\"inLanguage\":\"en-US\"}]}<\/script>\n<!-- \/ Yoast SEO plugin. -->","yoast_head_json":{"title":"Buy THERMOSTAT for PANELS with 1 relay online","description":"Buy now thermostat for panels with 1 relay 71x29 mm at the best quality\/price online!","robots":{"index":"index","follow":"follow","max-snippet":"max-snippet:-1","max-image-preview":"max-image-preview:large","max-video-preview":"max-video-preview:-1"},"canonical":"https:\/\/www.tiendabernad.com\/en\/producto\/paneled-thermostat-w-1-relay-71x29mm\/","og_locale":"en_US","og_type":"article","og_title":"Buy THERMOSTAT for PANELS with 1 relay online","og_description":"Buy now thermostat for panels with 1 relay 71x29 mm at the best quality\/price online!","og_url":"https:\/\/www.tiendabernad.com\/en\/producto\/paneled-thermostat-w-1-relay-71x29mm\/","og_site_name":"Tienda Jose Bernad | Equipamiento Industria Alimentaria","article_modified_time":"2022-02-25T08:09:58+00:00","og_image":[{"width":800,"height":800,"url":"https:\/\/www.tiendabernad.com\/wp-content\/uploads\/2018\/06\/p_1_6_1_7_1617-thickbox_default-TERMOSTATO-1-RELE-PANELABLE-71X29MM.jpg","type":"image\/jpeg"}],"twitter_card":"summary_large_image","twitter_misc":{"Est. reading time":"1 minute"},"schema":{"@context":"https:\/\/schema.org","@graph":[{"@type":"WebPage","@id":"https:\/\/www.tiendabernad.com\/en\/producto\/paneled-thermostat-w-1-relay-71x29mm\/","url":"https:\/\/www.tiendabernad.com\/en\/producto\/paneled-thermostat-w-1-relay-71x29mm\/","name":"Buy THERMOSTAT for PANELS with 1 relay online","isPartOf":{"@id":"https:\/\/www.tiendabernad.com\/#website"},"primaryImageOfPage":{"@id":"https:\/\/www.tiendabernad.com\/en\/producto\/paneled-thermostat-w-1-relay-71x29mm\/#primaryimage"},"image":{"@id":"https:\/\/www.tiendabernad.com\/en\/producto\/paneled-thermostat-w-1-relay-71x29mm\/#primaryimage"},"thumbnailUrl":"https:\/\/www.tiendabernad.com\/wp-content\/uploads\/2018\/06\/p_1_6_1_7_1617-thickbox_default-TERMOSTATO-1-RELE-PANELABLE-71X29MM.jpg","datePublished":"2018-06-29T18:36:06+00:00","dateModified":"2022-02-25T08:09:58+00:00","description":"Buy now thermostat for panels with 1 relay 71x29 mm at the best quality\/price online!","breadcrumb":{"@id":"https:\/\/www.tiendabernad.com\/en\/producto\/paneled-thermostat-w-1-relay-71x29mm\/#breadcrumb"},"inLanguage":"en-US","potentialAction":[{"@type":"ReadAction","target":["https:\/\/www.tiendabernad.com\/en\/producto\/paneled-thermostat-w-1-relay-71x29mm\/"]}]},{"@type":"ImageObject","inLanguage":"en-US","@id":"https:\/\/www.tiendabernad.com\/en\/producto\/paneled-thermostat-w-1-relay-71x29mm\/#primaryimage","url":"https:\/\/www.tiendabernad.com\/wp-content\/uploads\/2018\/06\/p_1_6_1_7_1617-thickbox_default-TERMOSTATO-1-RELE-PANELABLE-71X29MM.jpg","contentUrl":"https:\/\/www.tiendabernad.com\/wp-content\/uploads\/2018\/06\/p_1_6_1_7_1617-thickbox_default-TERMOSTATO-1-RELE-PANELABLE-71X29MM.jpg","width":800,"height":800},{"@type":"BreadcrumbList","@id":"https:\/\/www.tiendabernad.com\/en\/producto\/paneled-thermostat-w-1-relay-71x29mm\/#breadcrumb","itemListElement":[{"@type":"ListItem","position":1,"name":"Portada","item":"https:\/\/www.tiendabernad.com\/home\/"},{"@type":"ListItem","position":2,"name":"Shop","item":"https:\/\/www.tiendabernad.com\/shop\/"},{"@type":"ListItem","position":3,"name":"THERMOSTAT FOR PANELS W\/ 1 RELAY 71X29MM"}]},{"@type":"WebSite","@id":"https:\/\/www.tiendabernad.com\/#website","url":"https:\/\/www.tiendabernad.com\/","name":"Tienda Jose Bernad | Equipamiento Industria Alimentaria","description":"Empresa especializada en el suministro de maquinaria para la industria alimentaria y hosteler\u00eda","potentialAction":[{"@type":"SearchAction","target":{"@type":"EntryPoint","urlTemplate":"https:\/\/www.tiendabernad.com\/?s={search_term_string}"},"query-input":{"@type":"PropertyValueSpecification","valueRequired":true,"valueName":"search_term_string"}}],"inLanguage":"en-US"}]}},"jetpack_sharing_enabled":true,"_links":{"self":[{"href":"https:\/\/www.tiendabernad.com\/en\/wp-json\/wp\/v2\/product\/234489","targetHints":{"allow":["GET"]}}],"collection":[{"href":"https:\/\/www.tiendabernad.com\/en\/wp-json\/wp\/v2\/product"}],"about":[{"href":"https:\/\/www.tiendabernad.com\/en\/wp-json\/wp\/v2\/types\/product"}],"replies":[{"embeddable":true,"href":"https:\/\/www.tiendabernad.com\/en\/wp-json\/wp\/v2\/comments?post=234489"}],"wp:featuredmedia":[{"embeddable":true,"href":"https:\/\/www.tiendabernad.com\/en\/wp-json\/wp\/v2\/media\/234477"}],"wp:attachment":[{"href":"https:\/\/www.tiendabernad.com\/en\/wp-json\/wp\/v2\/media?parent=234489"}],"wp:term":[{"taxonomy":"product_brand","embeddable":true,"href":"https:\/\/www.tiendabernad.com\/en\/wp-json\/wp\/v2\/product_brand?post=234489"},{"taxonomy":"product_cat","embeddable":true,"href":"https:\/\/www.tiendabernad.com\/en\/wp-json\/wp\/v2\/product_cat?post=234489"},{"taxonomy":"product_tag","embeddable":true,"href":"https:\/\/www.tiendabernad.com\/en\/wp-json\/wp\/v2\/product_tag?post=234489"}],"curies":[{"name":"wp","href":"https:\/\/api.w.org\/{rel}","templated":true}]}}