{"id":234505,"date":"2018-07-02T09:11:02","date_gmt":"2018-07-02T09:11:02","guid":{"rendered":"https:\/\/www.tiendabernad.com\/producto\/thermostat-for-panels-w-2-relays-71x29mm\/"},"modified":"2022-02-25T08:09:45","modified_gmt":"2022-02-25T08:09:45","slug":"thermostat-for-panels-w-2-relays-71x29mm","status":"publish","type":"product","link":"https:\/\/www.tiendabernad.com\/en\/producto\/thermostat-for-panels-w-2-relays-71x29mm\/","title":{"rendered":"THERMOSTAT FOR PANELS W\/ 2 RELAYS 71X29MM"},"content":{"rendered":"<div id=\"short_description_content\" class=\"rte align_justify\">\n<p><span id=\"result_box\" lang=\"en\" xml:lang=\"en\"><strong><span title=\"Termostato 1 rel\u00e9 panelable.\">Thermostat for panels with 2 relays.<\/span><\/strong><strong><span title=\"Dimensiones hueco panel 71x29 mm de la marca Ako.\">Dimensions of panel hole 71&#215;29 mm by Ako.<\/span><\/strong><\/span><\/p>\n<\/p><\/div>\n<p><span lang=\"en\" xml:lang=\"en\"><span title=\"Ideal para servicios positivos (Temperatura superior a 3\u00baC).\">Ideal for positive services (Temperature higher than 3\u00baC). <\/span><span title=\"Desescarche por aire.\">Defrosting by air.<\/p>\n<p><\/span><strong><span title=\"Unidades refrigeradas est\u00e1ticas con temperatura negativa.\">Static refrigerated units with negative temperature.<\/p>\n<p><\/span><\/strong><span title=\"Unidades refrigeradas ventiladas con temperatura positiva.\"><strong>Cooled units ventilated with positive temperature.<\/strong><\/p>\n<p><\/span><span title=\"Los modelos de termostatos Darwin ya vienen programados con las 3 aplicaciones m\u00e1s comunes (refrigeraci\u00f3n, climatizaci\u00f3n o calor).\">The Darwin thermostat models are already programmed with the 3 most common applications (refrigeration, air conditioning or heating).<\/p>\n<p><\/span><span title=\"Especialmente indicados para c\u00e1maras, muebles y armarios el\u00e9ctricos.\">Especially suitable for cameras, furniture and electrical cabinets.<\/p>\n<p><\/span><span title=\"1 sonda NTC incluida.\">1 NTC probe included.<\/p>\n<p><\/span><span title=\"Rango -50 a +99 \u00baC con sonda NTC (incluida) y -50 a +150 \u00baC con sonda PTC (seg\u00fan modelo)\">Range -50 to +99 \u00b0 C with NTC probe (included) and -50 to +150 \u00b0 C with PTC probe (depending on model)<\/p>\n<p><\/span><span title=\"Visualizaci\u00f3n y control en 0,1 \u00baC.\">Visualization and control at 0.1 \u00baC.<\/p>\n<p><\/span><span title=\"Rel\u00e9 auxiliar configurable para el control de ventiladores o desescarche.\">Configurable auxiliary relay for fan control or defrost.<\/p>\n<p><\/span><span title=\"Admiten 2\u00aa sonda de temperatura para control de ventiladores del evaporador y fin de desescarche.\">Possibility of 2nd temperature probe for control of evaporator fans and end of defrost.<\/p>\n<p><\/span><span title=\"Men\u00fas agrupados seg\u00fan funcionalidad para una programaci\u00f3n m\u00e1s f\u00e1cil y r\u00e1pida.\">Menus grouped according to functionality for easier and faster programming.<\/p>\n<p><\/span><span title=\"Entrada digital para contacto de puerta, alarma externa, desescarche remoto, desescarche esclavo o activaci\u00f3n modo ECO\">Digital input for door contact, external alarm, remote defrost, slave defrost or ECO mode activation<\/p>\n<p><\/span><span title=\"Rel\u00e9 auxiliar configurable como ventilador, desescarche, alarma.\">Auxiliary relay configurable as fan, defrost, alarm.<\/p>\n<p><\/span><span title=\"Funci\u00f3n ECO que permite ahorrar hasta un 20% de energ\u00eda.\">ECO function that allows you to save up to 20% of energy.<\/p>\n<p><\/span><span title=\"R\u00e1pida configuraci\u00f3n seleccionando una de las 8 aplicaciones ya programadas.\">Quick configuration by selecting one of the 8 applications already programmed.<\/span><\/span><\/p>\n<\/p>\n<p><img decoding=\"async\" class=\" size-full wp-image-234504\" src=\"https:\/\/www.tiendabernad.com\/wp-content\/uploads\/2018\/07\/cms_2_1.PNG\" alt=\"\" width=\"584\" height=\"71\" srcset=\"https:\/\/www.tiendabernad.com\/wp-content\/uploads\/2018\/07\/cms_2_1-200x24.png 200w, https:\/\/www.tiendabernad.com\/wp-content\/uploads\/2018\/07\/cms_2_1-400x49.png 400w, https:\/\/www.tiendabernad.com\/wp-content\/uploads\/2018\/07\/cms_2_1-450x55.png 450w, https:\/\/www.tiendabernad.com\/wp-content\/uploads\/2018\/07\/cms_2_1-500x61.png 500w, https:\/\/www.tiendabernad.com\/wp-content\/uploads\/2018\/07\/cms_2_1-600x73.png 600w, https:\/\/www.tiendabernad.com\/wp-content\/uploads\/2018\/07\/cms_2_1-700x85.png 700w, https:\/\/www.tiendabernad.com\/wp-content\/uploads\/2018\/07\/cms_2_1-768x93.png 768w, https:\/\/www.tiendabernad.com\/wp-content\/uploads\/2018\/07\/cms_2_1.PNG 773w\" sizes=\"(max-width: 584px) 100vw, 584px\" \/><\/p>\n","protected":false},"excerpt":{"rendered":"<div id=\"short_description_content\" class=\"rte align_justify\">\n<p><span id=\"result_box\" lang=\"en\" xml:lang=\"en\"><strong><span title=\"Termostato 1 rel\u00e9 panelable.\">Thermostat for panels with 2 relays. <\/span><\/strong><span title=\"Dimensiones hueco panel 71x29 mm de la marca Ako.\">Dimensions of panel hole 71&#215;29 mm by Ako.<\/span><\/span><\/p>\n<\/p><\/div>\n","protected":false},"featured_media":234495,"comment_status":"closed","ping_status":"closed","template":"","meta":{"_joinchat":[]},"product_brand":[],"product_cat":[3386,2547],"product_tag":[],"class_list":{"0":"post-234505","1":"product","2":"type-product","3":"status-publish","4":"has-post-thumbnail","6":"product_cat-cold-storage","7":"product_cat-thermostats-en","9":"first","10":"instock","11":"taxable","12":"shipping-taxable","13":"product-type-simple"},"yoast_head":"<!-- This site is optimized with the Yoast SEO plugin v27.3 - https:\/\/yoast.com\/product\/yoast-seo-wordpress\/ -->\n<title>Buy THERMOSTAT for PANELS with 2 relays online<\/title>\n<meta name=\"description\" content=\"Buy now thermostat for panels with 2 relays 71x29 mm at the best quality\/price online!\" \/>\n<meta name=\"robots\" content=\"index, follow, max-snippet:-1, max-image-preview:large, max-video-preview:-1\" \/>\n<link rel=\"canonical\" href=\"https:\/\/www.tiendabernad.com\/producto\/termostato-2-reles-panelable-71x29mm\/\" \/>\n<meta property=\"og:locale\" content=\"en_US\" \/>\n<meta property=\"og:type\" content=\"article\" \/>\n<meta property=\"og:title\" content=\"Buy THERMOSTAT for PANELS with 2 relays online\" \/>\n<meta property=\"og:description\" content=\"Buy now thermostat for panels with 2 relays 71x29 mm at the best quality\/price online!\" \/>\n<meta property=\"og:url\" content=\"https:\/\/www.tiendabernad.com\/producto\/termostato-2-reles-panelable-71x29mm\/\" \/>\n<meta property=\"og:site_name\" content=\"Tienda Jose Bernad | Equipamiento Industria Alimentaria\" \/>\n<meta property=\"article:modified_time\" content=\"2022-02-25T08:09:45+00:00\" \/>\n<meta property=\"og:image\" content=\"https:\/\/www.tiendabernad.com\/wp-content\/uploads\/2018\/07\/p_1_6_1_9_1619-thickbox_default-TERMOSTATO-2-RELES-PANELABLE-71X29MM.jpg\" \/>\n\t<meta property=\"og:image:width\" content=\"800\" \/>\n\t<meta property=\"og:image:height\" content=\"800\" \/>\n\t<meta property=\"og:image:type\" content=\"image\/jpeg\" \/>\n<meta name=\"twitter:card\" content=\"summary_large_image\" \/>\n<meta name=\"twitter:label1\" content=\"Est. reading time\" \/>\n\t<meta name=\"twitter:data1\" content=\"1 minute\" \/>\n<script type=\"application\/ld+json\" class=\"yoast-schema-graph\">{\"@context\":\"https:\\\/\\\/schema.org\",\"@graph\":[{\"@type\":\"WebPage\",\"@id\":\"https:\\\/\\\/www.tiendabernad.com\\\/producto\\\/termostato-2-reles-panelable-71x29mm\\\/\",\"url\":\"https:\\\/\\\/www.tiendabernad.com\\\/producto\\\/termostato-2-reles-panelable-71x29mm\\\/\",\"name\":\"Buy THERMOSTAT for PANELS with 2 relays online\",\"isPartOf\":{\"@id\":\"https:\\\/\\\/www.tiendabernad.com\\\/#website\"},\"primaryImageOfPage\":{\"@id\":\"https:\\\/\\\/www.tiendabernad.com\\\/producto\\\/termostato-2-reles-panelable-71x29mm\\\/#primaryimage\"},\"image\":{\"@id\":\"https:\\\/\\\/www.tiendabernad.com\\\/producto\\\/termostato-2-reles-panelable-71x29mm\\\/#primaryimage\"},\"thumbnailUrl\":\"https:\\\/\\\/www.tiendabernad.com\\\/wp-content\\\/uploads\\\/2018\\\/07\\\/p_1_6_1_9_1619-thickbox_default-TERMOSTATO-2-RELES-PANELABLE-71X29MM.jpg\",\"datePublished\":\"2018-07-02T09:11:02+00:00\",\"dateModified\":\"2022-02-25T08:09:45+00:00\",\"description\":\"Buy now thermostat for panels with 2 relays 71x29 mm at the best quality\\\/price online!\",\"breadcrumb\":{\"@id\":\"https:\\\/\\\/www.tiendabernad.com\\\/producto\\\/termostato-2-reles-panelable-71x29mm\\\/#breadcrumb\"},\"inLanguage\":\"en-US\",\"potentialAction\":[{\"@type\":\"ReadAction\",\"target\":[\"https:\\\/\\\/www.tiendabernad.com\\\/producto\\\/termostato-2-reles-panelable-71x29mm\\\/\"]}]},{\"@type\":\"ImageObject\",\"inLanguage\":\"en-US\",\"@id\":\"https:\\\/\\\/www.tiendabernad.com\\\/producto\\\/termostato-2-reles-panelable-71x29mm\\\/#primaryimage\",\"url\":\"https:\\\/\\\/www.tiendabernad.com\\\/wp-content\\\/uploads\\\/2018\\\/07\\\/p_1_6_1_9_1619-thickbox_default-TERMOSTATO-2-RELES-PANELABLE-71X29MM.jpg\",\"contentUrl\":\"https:\\\/\\\/www.tiendabernad.com\\\/wp-content\\\/uploads\\\/2018\\\/07\\\/p_1_6_1_9_1619-thickbox_default-TERMOSTATO-2-RELES-PANELABLE-71X29MM.jpg\",\"width\":800,\"height\":800},{\"@type\":\"BreadcrumbList\",\"@id\":\"https:\\\/\\\/www.tiendabernad.com\\\/producto\\\/termostato-2-reles-panelable-71x29mm\\\/#breadcrumb\",\"itemListElement\":[{\"@type\":\"ListItem\",\"position\":1,\"name\":\"Portada\",\"item\":\"https:\\\/\\\/www.tiendabernad.com\\\/home\\\/\"},{\"@type\":\"ListItem\",\"position\":2,\"name\":\"Shop\",\"item\":\"https:\\\/\\\/www.tiendabernad.com\\\/shop\\\/\"},{\"@type\":\"ListItem\",\"position\":3,\"name\":\"THERMOSTAT FOR PANELS W\\\/ 2 RELAYS 71X29MM\"}]},{\"@type\":\"WebSite\",\"@id\":\"https:\\\/\\\/www.tiendabernad.com\\\/#website\",\"url\":\"https:\\\/\\\/www.tiendabernad.com\\\/\",\"name\":\"Tienda Jose Bernad | Equipamiento Industria Alimentaria\",\"description\":\"Empresa especializada en el suministro de maquinaria para la industria alimentaria y hosteler\u00eda\",\"potentialAction\":[{\"@type\":\"SearchAction\",\"target\":{\"@type\":\"EntryPoint\",\"urlTemplate\":\"https:\\\/\\\/www.tiendabernad.com\\\/?s={search_term_string}\"},\"query-input\":{\"@type\":\"PropertyValueSpecification\",\"valueRequired\":true,\"valueName\":\"search_term_string\"}}],\"inLanguage\":\"en-US\"}]}<\/script>\n<!-- \/ Yoast SEO plugin. -->","yoast_head_json":{"title":"Buy THERMOSTAT for PANELS with 2 relays online","description":"Buy now thermostat for panels with 2 relays 71x29 mm at the best quality\/price online!","robots":{"index":"index","follow":"follow","max-snippet":"max-snippet:-1","max-image-preview":"max-image-preview:large","max-video-preview":"max-video-preview:-1"},"canonical":"https:\/\/www.tiendabernad.com\/producto\/termostato-2-reles-panelable-71x29mm\/","og_locale":"en_US","og_type":"article","og_title":"Buy THERMOSTAT for PANELS with 2 relays online","og_description":"Buy now thermostat for panels with 2 relays 71x29 mm at the best quality\/price online!","og_url":"https:\/\/www.tiendabernad.com\/producto\/termostato-2-reles-panelable-71x29mm\/","og_site_name":"Tienda Jose Bernad | Equipamiento Industria Alimentaria","article_modified_time":"2022-02-25T08:09:45+00:00","og_image":[{"width":800,"height":800,"url":"https:\/\/www.tiendabernad.com\/wp-content\/uploads\/2018\/07\/p_1_6_1_9_1619-thickbox_default-TERMOSTATO-2-RELES-PANELABLE-71X29MM.jpg","type":"image\/jpeg"}],"twitter_card":"summary_large_image","twitter_misc":{"Est. reading time":"1 minute"},"schema":{"@context":"https:\/\/schema.org","@graph":[{"@type":"WebPage","@id":"https:\/\/www.tiendabernad.com\/producto\/termostato-2-reles-panelable-71x29mm\/","url":"https:\/\/www.tiendabernad.com\/producto\/termostato-2-reles-panelable-71x29mm\/","name":"Buy THERMOSTAT for PANELS with 2 relays online","isPartOf":{"@id":"https:\/\/www.tiendabernad.com\/#website"},"primaryImageOfPage":{"@id":"https:\/\/www.tiendabernad.com\/producto\/termostato-2-reles-panelable-71x29mm\/#primaryimage"},"image":{"@id":"https:\/\/www.tiendabernad.com\/producto\/termostato-2-reles-panelable-71x29mm\/#primaryimage"},"thumbnailUrl":"https:\/\/www.tiendabernad.com\/wp-content\/uploads\/2018\/07\/p_1_6_1_9_1619-thickbox_default-TERMOSTATO-2-RELES-PANELABLE-71X29MM.jpg","datePublished":"2018-07-02T09:11:02+00:00","dateModified":"2022-02-25T08:09:45+00:00","description":"Buy now thermostat for panels with 2 relays 71x29 mm at the best quality\/price online!","breadcrumb":{"@id":"https:\/\/www.tiendabernad.com\/producto\/termostato-2-reles-panelable-71x29mm\/#breadcrumb"},"inLanguage":"en-US","potentialAction":[{"@type":"ReadAction","target":["https:\/\/www.tiendabernad.com\/producto\/termostato-2-reles-panelable-71x29mm\/"]}]},{"@type":"ImageObject","inLanguage":"en-US","@id":"https:\/\/www.tiendabernad.com\/producto\/termostato-2-reles-panelable-71x29mm\/#primaryimage","url":"https:\/\/www.tiendabernad.com\/wp-content\/uploads\/2018\/07\/p_1_6_1_9_1619-thickbox_default-TERMOSTATO-2-RELES-PANELABLE-71X29MM.jpg","contentUrl":"https:\/\/www.tiendabernad.com\/wp-content\/uploads\/2018\/07\/p_1_6_1_9_1619-thickbox_default-TERMOSTATO-2-RELES-PANELABLE-71X29MM.jpg","width":800,"height":800},{"@type":"BreadcrumbList","@id":"https:\/\/www.tiendabernad.com\/producto\/termostato-2-reles-panelable-71x29mm\/#breadcrumb","itemListElement":[{"@type":"ListItem","position":1,"name":"Portada","item":"https:\/\/www.tiendabernad.com\/home\/"},{"@type":"ListItem","position":2,"name":"Shop","item":"https:\/\/www.tiendabernad.com\/shop\/"},{"@type":"ListItem","position":3,"name":"THERMOSTAT FOR PANELS W\/ 2 RELAYS 71X29MM"}]},{"@type":"WebSite","@id":"https:\/\/www.tiendabernad.com\/#website","url":"https:\/\/www.tiendabernad.com\/","name":"Tienda Jose Bernad | Equipamiento Industria Alimentaria","description":"Empresa especializada en el suministro de maquinaria para la industria alimentaria y hosteler\u00eda","potentialAction":[{"@type":"SearchAction","target":{"@type":"EntryPoint","urlTemplate":"https:\/\/www.tiendabernad.com\/?s={search_term_string}"},"query-input":{"@type":"PropertyValueSpecification","valueRequired":true,"valueName":"search_term_string"}}],"inLanguage":"en-US"}]}},"jetpack_sharing_enabled":true,"_links":{"self":[{"href":"https:\/\/www.tiendabernad.com\/en\/wp-json\/wp\/v2\/product\/234505","targetHints":{"allow":["GET"]}}],"collection":[{"href":"https:\/\/www.tiendabernad.com\/en\/wp-json\/wp\/v2\/product"}],"about":[{"href":"https:\/\/www.tiendabernad.com\/en\/wp-json\/wp\/v2\/types\/product"}],"replies":[{"embeddable":true,"href":"https:\/\/www.tiendabernad.com\/en\/wp-json\/wp\/v2\/comments?post=234505"}],"wp:featuredmedia":[{"embeddable":true,"href":"https:\/\/www.tiendabernad.com\/en\/wp-json\/wp\/v2\/media\/234495"}],"wp:attachment":[{"href":"https:\/\/www.tiendabernad.com\/en\/wp-json\/wp\/v2\/media?parent=234505"}],"wp:term":[{"taxonomy":"product_brand","embeddable":true,"href":"https:\/\/www.tiendabernad.com\/en\/wp-json\/wp\/v2\/product_brand?post=234505"},{"taxonomy":"product_cat","embeddable":true,"href":"https:\/\/www.tiendabernad.com\/en\/wp-json\/wp\/v2\/product_cat?post=234505"},{"taxonomy":"product_tag","embeddable":true,"href":"https:\/\/www.tiendabernad.com\/en\/wp-json\/wp\/v2\/product_tag?post=234505"}],"curies":[{"name":"wp","href":"https:\/\/api.w.org\/{rel}","templated":true}]}}